{"id":3115,"date":"2026-03-01T10:28:57","date_gmt":"2026-03-01T09:28:57","guid":{"rendered":"https:\/\/butikasia.pl\/?post_type=product&#038;p=3115"},"modified":"2026-03-01T10:28:58","modified_gmt":"2026-03-01T09:28:58","slug":"sukienka-megan-rozowa-fuksja-42-xl-kopertowa","status":"publish","type":"product","link":"https:\/\/butikasia.pl\/?product=sukienka-megan-rozowa-fuksja-42-xl-kopertowa","title":{"rendered":"Sukienka MEGAN r\u00f3\u017cowa fuksja 42\/XL kopertowa"},"content":{"rendered":"<p>\ud83c\udf38\ud83d\udc9c\ud83e\ude77Sukienka MEGAN LD\ud83d\udc9c\ud83c\udf38\ud83e\ude77<\/p>\n<p>*r.42<\/p>\n<p>*cena:259,-<\/p>\n<p>*kolor:amarantowy<\/p>\n<p>*zapinana z boku na z\u0142ote guziki<\/p>\n<p>*polski producent<\/p>\n<p>Wymiary 42<\/p>\n<p>Szer.od pachy do pachy :48,5cm naci\u0105ga si\u0119 do 51cm<\/p>\n<p>Szer.w talii:41,5cm<\/p>\n<p>D\u0142ugo\u015b\u0107 ca\u0142kowita od ramienia w d\u00f3\u0142:90,5cm<\/p>\n<p>D\u0142ugo\u015b\u0107 r\u0119kawka od pachy w d\u00f3\u0142:46,2cm<\/p>\n<p>#butikasia #sukienki #sukienkir\u00f3\u017cowe<\/p>\n","protected":false},"excerpt":{"rendered":"<p>\ud83c\udf38\ud83d\udc9c\ud83e\ude77Sukienka MEGAN LD\ud83d\udc9c\ud83c\udf38\ud83e\ude77 *r.42 *cena:259,- *kolor:amarantowy *zapinana z boku na z\u0142ote guziki *polski producent Wymiary 42 Szer.od pachy do pachy :48,5cm naci\u0105ga si\u0119 do 51cm&#8230;<\/p>\n","protected":false},"featured_media":3116,"comment_status":"open","ping_status":"closed","template":"","meta":[],"etheme_brands":[],"product_brand":[],"product_cat":[90,158,117,112,119,118,104,107,109],"product_tag":[],"class_list":{"0":"post-3115","1":"product","2":"type-product","3":"status-publish","4":"has-post-thumbnail","6":"product_cat-kolekcja-wiosenna","7":"product_cat-komunia-2026","8":"product_cat-sukienki-eleganckie","9":"product_cat-sukienki-krotkie","10":"product_cat-sukienki-na-komunie-i-chrzciny","11":"product_cat-sukienki-weselne","12":"product_cat-nowosci","13":"product_cat-polscy-producenci","14":"product_cat-sukienki","16":"first","17":"instock","18":"shipping-taxable","19":"purchasable","20":"product-type-simple"},"_links":{"self":[{"href":"https:\/\/butikasia.pl\/index.php?rest_route=\/wp\/v2\/product\/3115","targetHints":{"allow":["GET"]}}],"collection":[{"href":"https:\/\/butikasia.pl\/index.php?rest_route=\/wp\/v2\/product"}],"about":[{"href":"https:\/\/butikasia.pl\/index.php?rest_route=\/wp\/v2\/types\/product"}],"replies":[{"embeddable":true,"href":"https:\/\/butikasia.pl\/index.php?rest_route=%2Fwp%2Fv2%2Fcomments&post=3115"}],"version-history":[{"count":1,"href":"https:\/\/butikasia.pl\/index.php?rest_route=\/wp\/v2\/product\/3115\/revisions"}],"predecessor-version":[{"id":3117,"href":"https:\/\/butikasia.pl\/index.php?rest_route=\/wp\/v2\/product\/3115\/revisions\/3117"}],"wp:featuredmedia":[{"embeddable":true,"href":"https:\/\/butikasia.pl\/index.php?rest_route=\/wp\/v2\/media\/3116"}],"wp:attachment":[{"href":"https:\/\/butikasia.pl\/index.php?rest_route=%2Fwp%2Fv2%2Fmedia&parent=3115"}],"wp:term":[{"taxonomy":"brand","embeddable":true,"href":"https:\/\/butikasia.pl\/index.php?rest_route=%2Fwp%2Fv2%2Fetheme_brands&post=3115"},{"taxonomy":"product_brand","embeddable":true,"href":"https:\/\/butikasia.pl\/index.php?rest_route=%2Fwp%2Fv2%2Fproduct_brand&post=3115"},{"taxonomy":"product_cat","embeddable":true,"href":"https:\/\/butikasia.pl\/index.php?rest_route=%2Fwp%2Fv2%2Fproduct_cat&post=3115"},{"taxonomy":"product_tag","embeddable":true,"href":"https:\/\/butikasia.pl\/index.php?rest_route=%2Fwp%2Fv2%2Fproduct_tag&post=3115"}],"curies":[{"name":"wp","href":"https:\/\/api.w.org\/{rel}","templated":true}]}}