{"id":3126,"date":"2026-03-01T10:46:22","date_gmt":"2026-03-01T09:46:22","guid":{"rendered":"https:\/\/butikasia.pl\/?post_type=product&#038;p=3126"},"modified":"2026-03-01T10:46:23","modified_gmt":"2026-03-01T09:46:23","slug":"sukienka-chabrowa-sofia-46-48-kwiatowa-dluga","status":"publish","type":"product","link":"https:\/\/butikasia.pl\/?product=sukienka-chabrowa-sofia-46-48-kwiatowa-dluga","title":{"rendered":"Sukienka chabrowa SOFIA 46\/48 kwiatowa d\u0142uga"},"content":{"rendered":"<p>\ud83e\ude77\ud83d\udc99\ud83e\ude77Sukienka SOFIA Maxi\ud83e\ude77\ud83d\udc99\ud83e\ude77<\/p>\n<p>*r.46\/48<\/p>\n<p>*cena:389,-<\/p>\n<p>*ca\u0142a w przepi\u0119kny kwiatowy print<\/p>\n<p>*w komplecie posiada pasek ze z\u0142ot\u0105 klamr\u0105<\/p>\n<p>*polski producent<\/p>\n<p>#sukienkizwiewne #sukienkikwiatowe #butikasia<\/p>\n","protected":false},"excerpt":{"rendered":"<p>\ud83e\ude77\ud83d\udc99\ud83e\ude77Sukienka SOFIA Maxi\ud83e\ude77\ud83d\udc99\ud83e\ude77 *r.46\/48 *cena:389,- *ca\u0142a w przepi\u0119kny kwiatowy print *w komplecie posiada pasek ze z\u0142ot\u0105 klamr\u0105 *polski producent #sukienkizwiewne #sukienkikwiatowe #butikasia<\/p>\n","protected":false},"featured_media":3130,"comment_status":"open","ping_status":"closed","template":"","meta":[],"etheme_brands":[],"product_brand":[],"product_cat":[90,110,171,113,118,108,104,107,109],"product_tag":[],"class_list":{"0":"post-3126","1":"product","2":"type-product","3":"status-publish","4":"has-post-thumbnail","6":"product_cat-kolekcja-wiosenna","7":"product_cat-sukienki-dlugie","8":"product_cat-sukienki-letnie","9":"product_cat-sukienki-rozkloszowane","10":"product_cat-sukienki-weselne","11":"product_cat-moda-plus-size","12":"product_cat-nowosci","13":"product_cat-polscy-producenci","14":"product_cat-sukienki","16":"first","17":"instock","18":"shipping-taxable","19":"purchasable","20":"product-type-simple"},"_links":{"self":[{"href":"https:\/\/butikasia.pl\/index.php?rest_route=\/wp\/v2\/product\/3126","targetHints":{"allow":["GET"]}}],"collection":[{"href":"https:\/\/butikasia.pl\/index.php?rest_route=\/wp\/v2\/product"}],"about":[{"href":"https:\/\/butikasia.pl\/index.php?rest_route=\/wp\/v2\/types\/product"}],"replies":[{"embeddable":true,"href":"https:\/\/butikasia.pl\/index.php?rest_route=%2Fwp%2Fv2%2Fcomments&post=3126"}],"version-history":[{"count":1,"href":"https:\/\/butikasia.pl\/index.php?rest_route=\/wp\/v2\/product\/3126\/revisions"}],"predecessor-version":[{"id":3131,"href":"https:\/\/butikasia.pl\/index.php?rest_route=\/wp\/v2\/product\/3126\/revisions\/3131"}],"wp:featuredmedia":[{"embeddable":true,"href":"https:\/\/butikasia.pl\/index.php?rest_route=\/wp\/v2\/media\/3130"}],"wp:attachment":[{"href":"https:\/\/butikasia.pl\/index.php?rest_route=%2Fwp%2Fv2%2Fmedia&parent=3126"}],"wp:term":[{"taxonomy":"brand","embeddable":true,"href":"https:\/\/butikasia.pl\/index.php?rest_route=%2Fwp%2Fv2%2Fetheme_brands&post=3126"},{"taxonomy":"product_brand","embeddable":true,"href":"https:\/\/butikasia.pl\/index.php?rest_route=%2Fwp%2Fv2%2Fproduct_brand&post=3126"},{"taxonomy":"product_cat","embeddable":true,"href":"https:\/\/butikasia.pl\/index.php?rest_route=%2Fwp%2Fv2%2Fproduct_cat&post=3126"},{"taxonomy":"product_tag","embeddable":true,"href":"https:\/\/butikasia.pl\/index.php?rest_route=%2Fwp%2Fv2%2Fproduct_tag&post=3126"}],"curies":[{"name":"wp","href":"https:\/\/api.w.org\/{rel}","templated":true}]}}