{"id":3142,"date":"2026-03-01T16:54:43","date_gmt":"2026-03-01T15:54:43","guid":{"rendered":"https:\/\/butikasia.pl\/?post_type=product&#038;p=3142"},"modified":"2026-03-01T16:54:44","modified_gmt":"2026-03-01T15:54:44","slug":"dlugi-naszyjnik-koraliki-kamienie-rozowy-pastelowy","status":"publish","type":"product","link":"https:\/\/butikasia.pl\/?product=dlugi-naszyjnik-koraliki-kamienie-rozowy-pastelowy","title":{"rendered":"D\u0142ugi naszyjnik koraliki kamienie r\u00f3\u017cowy pastelowy"},"content":{"rendered":"<p>\ud83c\udf38\ud83c\udf38\ud83c\udf38\ud83c\udf38Naszyjnik \ud83c\udf38\ud83c\udf38\ud83c\udf38\ud83c\udf38<\/p>\n<p>*cena:69,-<\/p>\n<p>*d\u0142ugi-mo\u017cna nosi\u0107 pojedynczo lub podw\u00f3jnie<\/p>\n<p>*zdobiony dodatkami ze stali chirurgicznej<\/p>\n<p>*dost\u0119pne r\u00f3wnie\u017c inne kolory<\/p>\n<p>*\u015bwietnie wygl\u0105da za\u0142o\u017cony do koszul,sukienek,kombinezon\u00f3w oraz swetr\u00f3w<\/p>\n<p>#naszyjnik #bi\u017cuteria #butikasia<\/p>\n","protected":false},"excerpt":{"rendered":"<p>\ud83c\udf38\ud83c\udf38\ud83c\udf38\ud83c\udf38Naszyjnik \ud83c\udf38\ud83c\udf38\ud83c\udf38\ud83c\udf38 *cena:69,- *d\u0142ugi-mo\u017cna nosi\u0107 pojedynczo lub podw\u00f3jnie *zdobiony dodatkami ze stali chirurgicznej *dost\u0119pne r\u00f3wnie\u017c inne kolory *\u015bwietnie wygl\u0105da za\u0142o\u017cony do koszul,sukienek,kombinezon\u00f3w oraz swetr\u00f3w #naszyjnik&#8230;<\/p>\n","protected":false},"featured_media":3143,"comment_status":"open","ping_status":"closed","template":"","meta":[],"etheme_brands":[],"product_brand":[],"product_cat":[125,121,104],"product_tag":[],"class_list":{"0":"post-3142","1":"product","2":"type-product","3":"status-publish","4":"has-post-thumbnail","6":"product_cat-naszyjniki-i-lancuszki","7":"product_cat-akcesoria","8":"product_cat-nowosci","10":"first","11":"instock","12":"shipping-taxable","13":"purchasable","14":"product-type-simple"},"_links":{"self":[{"href":"https:\/\/butikasia.pl\/index.php?rest_route=\/wp\/v2\/product\/3142","targetHints":{"allow":["GET"]}}],"collection":[{"href":"https:\/\/butikasia.pl\/index.php?rest_route=\/wp\/v2\/product"}],"about":[{"href":"https:\/\/butikasia.pl\/index.php?rest_route=\/wp\/v2\/types\/product"}],"replies":[{"embeddable":true,"href":"https:\/\/butikasia.pl\/index.php?rest_route=%2Fwp%2Fv2%2Fcomments&post=3142"}],"version-history":[{"count":1,"href":"https:\/\/butikasia.pl\/index.php?rest_route=\/wp\/v2\/product\/3142\/revisions"}],"predecessor-version":[{"id":3146,"href":"https:\/\/butikasia.pl\/index.php?rest_route=\/wp\/v2\/product\/3142\/revisions\/3146"}],"wp:featuredmedia":[{"embeddable":true,"href":"https:\/\/butikasia.pl\/index.php?rest_route=\/wp\/v2\/media\/3143"}],"wp:attachment":[{"href":"https:\/\/butikasia.pl\/index.php?rest_route=%2Fwp%2Fv2%2Fmedia&parent=3142"}],"wp:term":[{"taxonomy":"brand","embeddable":true,"href":"https:\/\/butikasia.pl\/index.php?rest_route=%2Fwp%2Fv2%2Fetheme_brands&post=3142"},{"taxonomy":"product_brand","embeddable":true,"href":"https:\/\/butikasia.pl\/index.php?rest_route=%2Fwp%2Fv2%2Fproduct_brand&post=3142"},{"taxonomy":"product_cat","embeddable":true,"href":"https:\/\/butikasia.pl\/index.php?rest_route=%2Fwp%2Fv2%2Fproduct_cat&post=3142"},{"taxonomy":"product_tag","embeddable":true,"href":"https:\/\/butikasia.pl\/index.php?rest_route=%2Fwp%2Fv2%2Fproduct_tag&post=3142"}],"curies":[{"name":"wp","href":"https:\/\/api.w.org\/{rel}","templated":true}]}}