{"id":3147,"date":"2026-03-01T17:13:26","date_gmt":"2026-03-01T16:13:26","guid":{"rendered":"https:\/\/butikasia.pl\/?post_type=product&#038;p=3147"},"modified":"2026-03-01T17:13:26","modified_gmt":"2026-03-01T16:13:26","slug":"dlugi-naszyjnik-czerwony-koraliki-kamienie","status":"publish","type":"product","link":"https:\/\/butikasia.pl\/?product=dlugi-naszyjnik-czerwony-koraliki-kamienie","title":{"rendered":"D\u0142ugi naszyjnik czerwony koraliki kamienie"},"content":{"rendered":"<p>\ud83d\udd34\ud83d\udd34\ud83d\udd34Naszyjnik \ud83d\udd34\ud83d\udd34\ud83d\udd34<\/p>\n<p>*cena:69,-<\/p>\n<p>*d\u0142ugi-mo\u017cna nosi\u0107 pojedynczo lub podw\u00f3jnie<\/p>\n<p>*zdobiony dodatkami ze stali chirurgicznej<\/p>\n<p>*dost\u0119pne r\u00f3wnie\u017c inne kolory<\/p>\n<p>*\u015bwietnie wygl\u0105da za\u0142o\u017cony do koszul,sukienek,kombinezon\u00f3w oraz bluzek<\/p>\n<p>#naszyjnik #bi\u017cuteria #butikasia<\/p>\n","protected":false},"excerpt":{"rendered":"<p>\ud83d\udd34\ud83d\udd34\ud83d\udd34Naszyjnik \ud83d\udd34\ud83d\udd34\ud83d\udd34 *cena:69,- *d\u0142ugi-mo\u017cna nosi\u0107 pojedynczo lub podw\u00f3jnie *zdobiony dodatkami ze stali chirurgicznej *dost\u0119pne r\u00f3wnie\u017c inne kolory *\u015bwietnie wygl\u0105da za\u0142o\u017cony do koszul,sukienek,kombinezon\u00f3w oraz bluzek #naszyjnik&#8230;<\/p>\n","protected":false},"featured_media":3150,"comment_status":"open","ping_status":"closed","template":"","meta":[],"etheme_brands":[],"product_brand":[],"product_cat":[125,121,104],"product_tag":[],"class_list":{"0":"post-3147","1":"product","2":"type-product","3":"status-publish","4":"has-post-thumbnail","6":"product_cat-naszyjniki-i-lancuszki","7":"product_cat-akcesoria","8":"product_cat-nowosci","10":"first","11":"instock","12":"shipping-taxable","13":"purchasable","14":"product-type-simple"},"_links":{"self":[{"href":"https:\/\/butikasia.pl\/index.php?rest_route=\/wp\/v2\/product\/3147","targetHints":{"allow":["GET"]}}],"collection":[{"href":"https:\/\/butikasia.pl\/index.php?rest_route=\/wp\/v2\/product"}],"about":[{"href":"https:\/\/butikasia.pl\/index.php?rest_route=\/wp\/v2\/types\/product"}],"replies":[{"embeddable":true,"href":"https:\/\/butikasia.pl\/index.php?rest_route=%2Fwp%2Fv2%2Fcomments&post=3147"}],"version-history":[{"count":1,"href":"https:\/\/butikasia.pl\/index.php?rest_route=\/wp\/v2\/product\/3147\/revisions"}],"predecessor-version":[{"id":3151,"href":"https:\/\/butikasia.pl\/index.php?rest_route=\/wp\/v2\/product\/3147\/revisions\/3151"}],"wp:featuredmedia":[{"embeddable":true,"href":"https:\/\/butikasia.pl\/index.php?rest_route=\/wp\/v2\/media\/3150"}],"wp:attachment":[{"href":"https:\/\/butikasia.pl\/index.php?rest_route=%2Fwp%2Fv2%2Fmedia&parent=3147"}],"wp:term":[{"taxonomy":"brand","embeddable":true,"href":"https:\/\/butikasia.pl\/index.php?rest_route=%2Fwp%2Fv2%2Fetheme_brands&post=3147"},{"taxonomy":"product_brand","embeddable":true,"href":"https:\/\/butikasia.pl\/index.php?rest_route=%2Fwp%2Fv2%2Fproduct_brand&post=3147"},{"taxonomy":"product_cat","embeddable":true,"href":"https:\/\/butikasia.pl\/index.php?rest_route=%2Fwp%2Fv2%2Fproduct_cat&post=3147"},{"taxonomy":"product_tag","embeddable":true,"href":"https:\/\/butikasia.pl\/index.php?rest_route=%2Fwp%2Fv2%2Fproduct_tag&post=3147"}],"curies":[{"name":"wp","href":"https:\/\/api.w.org\/{rel}","templated":true}]}}