{"id":3157,"date":"2026-03-01T17:32:44","date_gmt":"2026-03-01T16:32:44","guid":{"rendered":"https:\/\/butikasia.pl\/?post_type=product&#038;p=3157"},"modified":"2026-03-01T17:32:44","modified_gmt":"2026-03-01T16:32:44","slug":"naszyjnik-koraliki-krysztalki","status":"publish","type":"product","link":"https:\/\/butikasia.pl\/?product=naszyjnik-koraliki-krysztalki","title":{"rendered":"Naszyjnik koraliki kryszta\u0142ki"},"content":{"rendered":"<p>\ud83d\udc8e\ud83d\udc8b\ud83d\udc8eNaszyjnik \ud83d\udc8e\ud83d\udc8b\ud83d\udc8e<\/p>\n<p>*cena:14,-\/szt<\/p>\n<p>*kolor:przezroczysty kryszta\u0142<\/p>\n<p>*cena dotyczy jednej sztuki (na ekspozytorze jest kilka szt)<\/p>\n<p>*na gumce<\/p>\n<p>*dost\u0119pne r\u00f3wnie\u017c do kompletu bransoletki oraz inne kolory<\/p>\n<p>#naszyjnik #bi\u017cuteria #butikasia<\/p>\n","protected":false},"excerpt":{"rendered":"<p>\ud83d\udc8e\ud83d\udc8b\ud83d\udc8eNaszyjnik \ud83d\udc8e\ud83d\udc8b\ud83d\udc8e *cena:14,-\/szt *kolor:przezroczysty kryszta\u0142 *cena dotyczy jednej sztuki (na ekspozytorze jest kilka szt) *na gumce *dost\u0119pne r\u00f3wnie\u017c do kompletu bransoletki oraz inne kolory #naszyjnik&#8230;<\/p>\n","protected":false},"featured_media":3160,"comment_status":"open","ping_status":"closed","template":"","meta":[],"etheme_brands":[],"product_brand":[],"product_cat":[125,121,104],"product_tag":[],"class_list":{"0":"post-3157","1":"product","2":"type-product","3":"status-publish","4":"has-post-thumbnail","6":"product_cat-naszyjniki-i-lancuszki","7":"product_cat-akcesoria","8":"product_cat-nowosci","10":"first","11":"instock","12":"shipping-taxable","13":"purchasable","14":"product-type-simple"},"_links":{"self":[{"href":"https:\/\/butikasia.pl\/index.php?rest_route=\/wp\/v2\/product\/3157","targetHints":{"allow":["GET"]}}],"collection":[{"href":"https:\/\/butikasia.pl\/index.php?rest_route=\/wp\/v2\/product"}],"about":[{"href":"https:\/\/butikasia.pl\/index.php?rest_route=\/wp\/v2\/types\/product"}],"replies":[{"embeddable":true,"href":"https:\/\/butikasia.pl\/index.php?rest_route=%2Fwp%2Fv2%2Fcomments&post=3157"}],"version-history":[{"count":1,"href":"https:\/\/butikasia.pl\/index.php?rest_route=\/wp\/v2\/product\/3157\/revisions"}],"predecessor-version":[{"id":3161,"href":"https:\/\/butikasia.pl\/index.php?rest_route=\/wp\/v2\/product\/3157\/revisions\/3161"}],"wp:featuredmedia":[{"embeddable":true,"href":"https:\/\/butikasia.pl\/index.php?rest_route=\/wp\/v2\/media\/3160"}],"wp:attachment":[{"href":"https:\/\/butikasia.pl\/index.php?rest_route=%2Fwp%2Fv2%2Fmedia&parent=3157"}],"wp:term":[{"taxonomy":"brand","embeddable":true,"href":"https:\/\/butikasia.pl\/index.php?rest_route=%2Fwp%2Fv2%2Fetheme_brands&post=3157"},{"taxonomy":"product_brand","embeddable":true,"href":"https:\/\/butikasia.pl\/index.php?rest_route=%2Fwp%2Fv2%2Fproduct_brand&post=3157"},{"taxonomy":"product_cat","embeddable":true,"href":"https:\/\/butikasia.pl\/index.php?rest_route=%2Fwp%2Fv2%2Fproduct_cat&post=3157"},{"taxonomy":"product_tag","embeddable":true,"href":"https:\/\/butikasia.pl\/index.php?rest_route=%2Fwp%2Fv2%2Fproduct_tag&post=3157"}],"curies":[{"name":"wp","href":"https:\/\/api.w.org\/{rel}","templated":true}]}}