{"id":3185,"date":"2026-03-01T18:47:31","date_gmt":"2026-03-01T17:47:31","guid":{"rendered":"https:\/\/butikasia.pl\/?post_type=product&#038;p=3185"},"modified":"2026-03-01T18:47:31","modified_gmt":"2026-03-01T17:47:31","slug":"sukienka-linda-pastelowa-44-xxl-z-piorami","status":"publish","type":"product","link":"https:\/\/butikasia.pl\/?product=sukienka-linda-pastelowa-44-xxl-z-piorami","title":{"rendered":"Sukienka LINDA pastelowa 44\/XXL z pi\u00f3rami"},"content":{"rendered":"<p>\ud83c\udf38\ud83d\udcae\ud83c\udf38Sukienka LINDA\ud83c\udf38\ud83d\udcae\ud83c\udf38<\/p>\n<p>*r. 44<\/p>\n<p>*cena:299,-<\/p>\n<p>*kolor:pastelowy r\u00f3\u017c<\/p>\n<p>*kopertowa<\/p>\n<p>*marszczona<\/p>\n<p>*\u015bwietnie maskuje brzuszek<\/p>\n<p>*przy ramionach zdobiona pi\u00f3rkami<\/p>\n<p>*polski producent<\/p>\n<p>*dost\u0119pne r\u00f3wnie\u017c inne kolory w wersji kr\u00f3tkiej oraz maxi<\/p>\n<p>*sprzedawana bez paska(pasek za\u0142o\u017cony tylko do zdj\u0119\u0107<\/p>\n<p>*dost\u0119pna r\u00f3wnie\u017c w wersji maxi<\/p>\n<p>Wymiary 44<\/p>\n<p>Szer.od pachy do pachy:53cm naciaga si\u0119 do 55cm<\/p>\n<p>Szer.w talii:44cm naci\u0105ga si\u0119 do 46,5cm<\/p>\n<p>Szer.w biodrach :56cm naci\u0105ga si\u0119 do 58cm<\/p>\n<p>D\u0142ugo\u015b\u0107 ca\u0142kowita od ramienia w d\u00f3\u0142:102,9cm<\/p>\n<p>#butikasia #sukienki #sukienkir\u00f3\u017cowe #sukienkipastelowe<\/p>\n","protected":false},"excerpt":{"rendered":"<p>\ud83c\udf38\ud83d\udcae\ud83c\udf38Sukienka LINDA\ud83c\udf38\ud83d\udcae\ud83c\udf38 *r. 44 *cena:299,- *kolor:pastelowy r\u00f3\u017c *kopertowa *marszczona *\u015bwietnie maskuje brzuszek *przy ramionach zdobiona pi\u00f3rkami *polski producent *dost\u0119pne r\u00f3wnie\u017c inne kolory w wersji kr\u00f3tkiej&#8230;<\/p>\n","protected":false},"featured_media":3189,"comment_status":"open","ping_status":"closed","template":"","meta":[],"etheme_brands":[],"product_brand":[],"product_cat":[90,158,116,117,112,119,118,108,104,107,109],"product_tag":[],"class_list":{"0":"post-3185","1":"product","2":"type-product","3":"status-publish","4":"has-post-thumbnail","6":"product_cat-kolekcja-wiosenna","7":"product_cat-komunia-2026","8":"product_cat-sukienki-dopasowane","9":"product_cat-sukienki-eleganckie","10":"product_cat-sukienki-krotkie","11":"product_cat-sukienki-na-komunie-i-chrzciny","12":"product_cat-sukienki-weselne","13":"product_cat-moda-plus-size","14":"product_cat-nowosci","15":"product_cat-polscy-producenci","16":"product_cat-sukienki","18":"first","19":"instock","20":"shipping-taxable","21":"purchasable","22":"product-type-simple"},"_links":{"self":[{"href":"https:\/\/butikasia.pl\/index.php?rest_route=\/wp\/v2\/product\/3185","targetHints":{"allow":["GET"]}}],"collection":[{"href":"https:\/\/butikasia.pl\/index.php?rest_route=\/wp\/v2\/product"}],"about":[{"href":"https:\/\/butikasia.pl\/index.php?rest_route=\/wp\/v2\/types\/product"}],"replies":[{"embeddable":true,"href":"https:\/\/butikasia.pl\/index.php?rest_route=%2Fwp%2Fv2%2Fcomments&post=3185"}],"version-history":[{"count":1,"href":"https:\/\/butikasia.pl\/index.php?rest_route=\/wp\/v2\/product\/3185\/revisions"}],"predecessor-version":[{"id":3192,"href":"https:\/\/butikasia.pl\/index.php?rest_route=\/wp\/v2\/product\/3185\/revisions\/3192"}],"wp:featuredmedia":[{"embeddable":true,"href":"https:\/\/butikasia.pl\/index.php?rest_route=\/wp\/v2\/media\/3189"}],"wp:attachment":[{"href":"https:\/\/butikasia.pl\/index.php?rest_route=%2Fwp%2Fv2%2Fmedia&parent=3185"}],"wp:term":[{"taxonomy":"brand","embeddable":true,"href":"https:\/\/butikasia.pl\/index.php?rest_route=%2Fwp%2Fv2%2Fetheme_brands&post=3185"},{"taxonomy":"product_brand","embeddable":true,"href":"https:\/\/butikasia.pl\/index.php?rest_route=%2Fwp%2Fv2%2Fproduct_brand&post=3185"},{"taxonomy":"product_cat","embeddable":true,"href":"https:\/\/butikasia.pl\/index.php?rest_route=%2Fwp%2Fv2%2Fproduct_cat&post=3185"},{"taxonomy":"product_tag","embeddable":true,"href":"https:\/\/butikasia.pl\/index.php?rest_route=%2Fwp%2Fv2%2Fproduct_tag&post=3185"}],"curies":[{"name":"wp","href":"https:\/\/api.w.org\/{rel}","templated":true}]}}