{"id":3193,"date":"2026-03-01T18:58:01","date_gmt":"2026-03-01T17:58:01","guid":{"rendered":"https:\/\/butikasia.pl\/?post_type=product&#038;p=3193"},"modified":"2026-03-01T18:58:50","modified_gmt":"2026-03-01T17:58:50","slug":"sukienka-czarna-na-guziki-sonia-midi","status":"publish","type":"product","link":"https:\/\/butikasia.pl\/?product=sukienka-czarna-na-guziki-sonia-midi","title":{"rendered":"Sukienka czarna na guziki 42\/XL SONIA MIDI"},"content":{"rendered":"<p>\ud83d\udda4\ud83d\udda4Sukienka koszulowa SONIA BLACK\ud83d\udda4\ud83d\udda4 *r.42<\/p>\n<p>*cena:299,-<\/p>\n<p>*zapinana na guziki z przodu i wi\u0105zana w pasie<\/p>\n<p>*d\u0142ugo\u015b\u0107 sukienki 7\/8<\/p>\n<p>*d\u0142ugi r\u0119kawek z mankietem, mo\u017cliwo\u015b\u0107 podwini\u0119cia z zapi\u0119ciem<\/p>\n<p>*zapinana na guziki z przodu<\/p>\n<p>*dwie wewn\u0119trzne kieszenie<\/p>\n<p>*wykonana z tkaniny premium<\/p>\n<p>#sukienkiczarne #sukienkimidi #sukienkioszulowe<\/p>\n","protected":false},"excerpt":{"rendered":"<p>\ud83d\udda4\ud83d\udda4Sukienka koszulowa SONIA BLACK\ud83d\udda4\ud83d\udda4 *r.42 *cena:299,- *zapinana na guziki z przodu i wi\u0105zana w pasie *d\u0142ugo\u015b\u0107 sukienki 7\/8 *d\u0142ugi r\u0119kawek z mankietem, mo\u017cliwo\u015b\u0107 podwini\u0119cia z&#8230;<\/p>\n","protected":false},"featured_media":3194,"comment_status":"open","ping_status":"closed","template":"","meta":[],"etheme_brands":[],"product_brand":[],"product_cat":[115,110,117,111,104,107,109],"product_tag":[],"class_list":{"0":"post-3193","1":"product","2":"type-product","3":"status-publish","4":"has-post-thumbnail","6":"product_cat-sukienki-codzienne","7":"product_cat-sukienki-dlugie","8":"product_cat-sukienki-eleganckie","9":"product_cat-sukienki-midi","10":"product_cat-nowosci","11":"product_cat-polscy-producenci","12":"product_cat-sukienki","14":"first","15":"instock","16":"shipping-taxable","17":"purchasable","18":"product-type-simple"},"_links":{"self":[{"href":"https:\/\/butikasia.pl\/index.php?rest_route=\/wp\/v2\/product\/3193","targetHints":{"allow":["GET"]}}],"collection":[{"href":"https:\/\/butikasia.pl\/index.php?rest_route=\/wp\/v2\/product"}],"about":[{"href":"https:\/\/butikasia.pl\/index.php?rest_route=\/wp\/v2\/types\/product"}],"replies":[{"embeddable":true,"href":"https:\/\/butikasia.pl\/index.php?rest_route=%2Fwp%2Fv2%2Fcomments&post=3193"}],"version-history":[{"count":2,"href":"https:\/\/butikasia.pl\/index.php?rest_route=\/wp\/v2\/product\/3193\/revisions"}],"predecessor-version":[{"id":3196,"href":"https:\/\/butikasia.pl\/index.php?rest_route=\/wp\/v2\/product\/3193\/revisions\/3196"}],"wp:featuredmedia":[{"embeddable":true,"href":"https:\/\/butikasia.pl\/index.php?rest_route=\/wp\/v2\/media\/3194"}],"wp:attachment":[{"href":"https:\/\/butikasia.pl\/index.php?rest_route=%2Fwp%2Fv2%2Fmedia&parent=3193"}],"wp:term":[{"taxonomy":"brand","embeddable":true,"href":"https:\/\/butikasia.pl\/index.php?rest_route=%2Fwp%2Fv2%2Fetheme_brands&post=3193"},{"taxonomy":"product_brand","embeddable":true,"href":"https:\/\/butikasia.pl\/index.php?rest_route=%2Fwp%2Fv2%2Fproduct_brand&post=3193"},{"taxonomy":"product_cat","embeddable":true,"href":"https:\/\/butikasia.pl\/index.php?rest_route=%2Fwp%2Fv2%2Fproduct_cat&post=3193"},{"taxonomy":"product_tag","embeddable":true,"href":"https:\/\/butikasia.pl\/index.php?rest_route=%2Fwp%2Fv2%2Fproduct_tag&post=3193"}],"curies":[{"name":"wp","href":"https:\/\/api.w.org\/{rel}","templated":true}]}}