{"id":3197,"date":"2026-03-01T19:11:48","date_gmt":"2026-03-01T18:11:48","guid":{"rendered":"https:\/\/butikasia.pl\/?post_type=product&#038;p=3197"},"modified":"2026-03-01T19:11:48","modified_gmt":"2026-03-01T18:11:48","slug":"sukienka-midi-kwiatowy-stella-40-l-kopertowa-wiazana","status":"publish","type":"product","link":"https:\/\/butikasia.pl\/?product=sukienka-midi-kwiatowy-stella-40-l-kopertowa-wiazana","title":{"rendered":"Sukienka midi kwiatowy STELLA 40\/L kopertowa wi\u0105zana"},"content":{"rendered":"<p>\ud83c\udf38\ud83d\udcae\ud83c\udf38Sukienka Stella Midi\ud83c\udf38\ud83d\udcae\ud83c\udf38<\/p>\n<p>*r.42-pasuje na 40<\/p>\n<p>*cena:269,-<\/p>\n<p>*kopertowa, wi\u0105zana jak szlafrok<\/p>\n<p>*ca\u0142a w przepi\u0119kny print<\/p>\n<p>*prz\u00f3d troch\u0119 kr\u00f3tszy ni\u017c ty\u0142<\/p>\n<p>*posiada naci\u0119cia w r\u0119kawkach<\/p>\n<p>*dost\u0119pne r\u00f3wnie\u017c inne wzory oraz te\u017c w wersji maxi<\/p>\n<p>#butikasia #sukienkamidi #sukienki<\/p>\n","protected":false},"excerpt":{"rendered":"<p>\ud83c\udf38\ud83d\udcae\ud83c\udf38Sukienka Stella Midi\ud83c\udf38\ud83d\udcae\ud83c\udf38 *r.42-pasuje na 40 *cena:269,- *kopertowa, wi\u0105zana jak szlafrok *ca\u0142a w przepi\u0119kny print *prz\u00f3d troch\u0119 kr\u00f3tszy ni\u017c ty\u0142 *posiada naci\u0119cia w r\u0119kawkach *dost\u0119pne&#8230;<\/p>\n","protected":false},"featured_media":3201,"comment_status":"open","ping_status":"closed","template":"","meta":[],"etheme_brands":[],"product_brand":[],"product_cat":[90,158,112,111,119,113,118,104,107,109],"product_tag":[],"class_list":{"0":"post-3197","1":"product","2":"type-product","3":"status-publish","4":"has-post-thumbnail","6":"product_cat-kolekcja-wiosenna","7":"product_cat-komunia-2026","8":"product_cat-sukienki-krotkie","9":"product_cat-sukienki-midi","10":"product_cat-sukienki-na-komunie-i-chrzciny","11":"product_cat-sukienki-rozkloszowane","12":"product_cat-sukienki-weselne","13":"product_cat-nowosci","14":"product_cat-polscy-producenci","15":"product_cat-sukienki","17":"first","18":"instock","19":"shipping-taxable","20":"purchasable","21":"product-type-simple"},"_links":{"self":[{"href":"https:\/\/butikasia.pl\/index.php?rest_route=\/wp\/v2\/product\/3197","targetHints":{"allow":["GET"]}}],"collection":[{"href":"https:\/\/butikasia.pl\/index.php?rest_route=\/wp\/v2\/product"}],"about":[{"href":"https:\/\/butikasia.pl\/index.php?rest_route=\/wp\/v2\/types\/product"}],"replies":[{"embeddable":true,"href":"https:\/\/butikasia.pl\/index.php?rest_route=%2Fwp%2Fv2%2Fcomments&post=3197"}],"version-history":[{"count":1,"href":"https:\/\/butikasia.pl\/index.php?rest_route=\/wp\/v2\/product\/3197\/revisions"}],"predecessor-version":[{"id":3202,"href":"https:\/\/butikasia.pl\/index.php?rest_route=\/wp\/v2\/product\/3197\/revisions\/3202"}],"wp:featuredmedia":[{"embeddable":true,"href":"https:\/\/butikasia.pl\/index.php?rest_route=\/wp\/v2\/media\/3201"}],"wp:attachment":[{"href":"https:\/\/butikasia.pl\/index.php?rest_route=%2Fwp%2Fv2%2Fmedia&parent=3197"}],"wp:term":[{"taxonomy":"brand","embeddable":true,"href":"https:\/\/butikasia.pl\/index.php?rest_route=%2Fwp%2Fv2%2Fetheme_brands&post=3197"},{"taxonomy":"product_brand","embeddable":true,"href":"https:\/\/butikasia.pl\/index.php?rest_route=%2Fwp%2Fv2%2Fproduct_brand&post=3197"},{"taxonomy":"product_cat","embeddable":true,"href":"https:\/\/butikasia.pl\/index.php?rest_route=%2Fwp%2Fv2%2Fproduct_cat&post=3197"},{"taxonomy":"product_tag","embeddable":true,"href":"https:\/\/butikasia.pl\/index.php?rest_route=%2Fwp%2Fv2%2Fproduct_tag&post=3197"}],"curies":[{"name":"wp","href":"https:\/\/api.w.org\/{rel}","templated":true}]}}