{"id":3224,"date":"2026-03-01T20:00:00","date_gmt":"2026-03-01T19:00:00","guid":{"rendered":"https:\/\/butikasia.pl\/?post_type=product&#038;p=3224"},"modified":"2026-03-01T20:00:00","modified_gmt":"2026-03-01T19:00:00","slug":"kolczyki-platki-kwiatki-wiszace-pastelowe-zlote","status":"publish","type":"product","link":"https:\/\/butikasia.pl\/?product=kolczyki-platki-kwiatki-wiszace-pastelowe-zlote","title":{"rendered":"Kolczyki p\u0142atki kwiatki wisz\u0105ce pastelowe z\u0142ote"},"content":{"rendered":"<p>\ud83d\udcae\ud83e\ude77\ud83d\udcaeKolczyki \ud83d\udcae\ud83e\ude77\ud83d\udcae<\/p>\n<p>*cena:69,-<\/p>\n<p>*kolor:z\u0142oty zdobiony p\u0142atkami w kolorze pudrowego r\u00f3\u017cu<\/p>\n<p>#kolczyki #bi\u017cuteria #butikasia<\/p>\n","protected":false},"excerpt":{"rendered":"<p>\ud83d\udcae\ud83e\ude77\ud83d\udcaeKolczyki \ud83d\udcae\ud83e\ude77\ud83d\udcae *cena:69,- *kolor:z\u0142oty zdobiony p\u0142atkami w kolorze pudrowego r\u00f3\u017cu #kolczyki #bi\u017cuteria #butikasia<\/p>\n","protected":false},"featured_media":3225,"comment_status":"open","ping_status":"closed","template":"","meta":[],"etheme_brands":[],"product_brand":[],"product_cat":[123,121,104],"product_tag":[],"class_list":{"0":"post-3224","1":"product","2":"type-product","3":"status-publish","4":"has-post-thumbnail","6":"product_cat-kolczyki","7":"product_cat-akcesoria","8":"product_cat-nowosci","10":"first","11":"instock","12":"shipping-taxable","13":"purchasable","14":"product-type-simple"},"_links":{"self":[{"href":"https:\/\/butikasia.pl\/index.php?rest_route=\/wp\/v2\/product\/3224","targetHints":{"allow":["GET"]}}],"collection":[{"href":"https:\/\/butikasia.pl\/index.php?rest_route=\/wp\/v2\/product"}],"about":[{"href":"https:\/\/butikasia.pl\/index.php?rest_route=\/wp\/v2\/types\/product"}],"replies":[{"embeddable":true,"href":"https:\/\/butikasia.pl\/index.php?rest_route=%2Fwp%2Fv2%2Fcomments&post=3224"}],"version-history":[{"count":1,"href":"https:\/\/butikasia.pl\/index.php?rest_route=\/wp\/v2\/product\/3224\/revisions"}],"predecessor-version":[{"id":3226,"href":"https:\/\/butikasia.pl\/index.php?rest_route=\/wp\/v2\/product\/3224\/revisions\/3226"}],"wp:featuredmedia":[{"embeddable":true,"href":"https:\/\/butikasia.pl\/index.php?rest_route=\/wp\/v2\/media\/3225"}],"wp:attachment":[{"href":"https:\/\/butikasia.pl\/index.php?rest_route=%2Fwp%2Fv2%2Fmedia&parent=3224"}],"wp:term":[{"taxonomy":"brand","embeddable":true,"href":"https:\/\/butikasia.pl\/index.php?rest_route=%2Fwp%2Fv2%2Fetheme_brands&post=3224"},{"taxonomy":"product_brand","embeddable":true,"href":"https:\/\/butikasia.pl\/index.php?rest_route=%2Fwp%2Fv2%2Fproduct_brand&post=3224"},{"taxonomy":"product_cat","embeddable":true,"href":"https:\/\/butikasia.pl\/index.php?rest_route=%2Fwp%2Fv2%2Fproduct_cat&post=3224"},{"taxonomy":"product_tag","embeddable":true,"href":"https:\/\/butikasia.pl\/index.php?rest_route=%2Fwp%2Fv2%2Fproduct_tag&post=3224"}],"curies":[{"name":"wp","href":"https:\/\/api.w.org\/{rel}","templated":true}]}}