{"id":3251,"date":"2026-03-02T08:36:34","date_gmt":"2026-03-02T07:36:34","guid":{"rendered":"https:\/\/butikasia.pl\/?post_type=product&#038;p=3251"},"modified":"2026-03-02T08:38:01","modified_gmt":"2026-03-02T07:38:01","slug":"kolczyki-dlugie-wiszace-platki-kwiatki-rozowe-koralowe","status":"publish","type":"product","link":"https:\/\/butikasia.pl\/?product=kolczyki-dlugie-wiszace-platki-kwiatki-rozowe-koralowe","title":{"rendered":"Kolczyki d\u0142ugie wisz\u0105ce p\u0142atki kwiatki r\u00f3\u017cowe koralowe"},"content":{"rendered":"<p>\ud83e\udeb7\ud83e\udeb7\ud83e\udeb7Kolczyki 115\ud83e\udeb7\ud83e\udeb7\ud83e\udeb7<\/p>\n<p>*cena:39,-<\/p>\n<p>*kolor:z\u0142oty+p\u0142atki w kolorze koralowym\/arbuzowym<\/p>\n<p>&nbsp;<\/p>\n<blockquote><p>#kolczyki #bi\u017cuteria #butikasia<\/p><\/blockquote>\n","protected":false},"excerpt":{"rendered":"<p>\ud83e\udeb7\ud83e\udeb7\ud83e\udeb7Kolczyki 115\ud83e\udeb7\ud83e\udeb7\ud83e\udeb7 *cena:39,- *kolor:z\u0142oty+p\u0142atki w kolorze koralowym\/arbuzowym &nbsp; #kolczyki #bi\u017cuteria #butikasia<\/p>\n","protected":false},"featured_media":3252,"comment_status":"open","ping_status":"closed","template":"","meta":[],"etheme_brands":[],"product_brand":[],"product_cat":[123,121,104],"product_tag":[],"class_list":{"0":"post-3251","1":"product","2":"type-product","3":"status-publish","4":"has-post-thumbnail","6":"product_cat-kolczyki","7":"product_cat-akcesoria","8":"product_cat-nowosci","10":"first","11":"instock","12":"shipping-taxable","13":"purchasable","14":"product-type-simple"},"_links":{"self":[{"href":"https:\/\/butikasia.pl\/index.php?rest_route=\/wp\/v2\/product\/3251","targetHints":{"allow":["GET"]}}],"collection":[{"href":"https:\/\/butikasia.pl\/index.php?rest_route=\/wp\/v2\/product"}],"about":[{"href":"https:\/\/butikasia.pl\/index.php?rest_route=\/wp\/v2\/types\/product"}],"replies":[{"embeddable":true,"href":"https:\/\/butikasia.pl\/index.php?rest_route=%2Fwp%2Fv2%2Fcomments&post=3251"}],"version-history":[{"count":1,"href":"https:\/\/butikasia.pl\/index.php?rest_route=\/wp\/v2\/product\/3251\/revisions"}],"predecessor-version":[{"id":3253,"href":"https:\/\/butikasia.pl\/index.php?rest_route=\/wp\/v2\/product\/3251\/revisions\/3253"}],"wp:featuredmedia":[{"embeddable":true,"href":"https:\/\/butikasia.pl\/index.php?rest_route=\/wp\/v2\/media\/3252"}],"wp:attachment":[{"href":"https:\/\/butikasia.pl\/index.php?rest_route=%2Fwp%2Fv2%2Fmedia&parent=3251"}],"wp:term":[{"taxonomy":"brand","embeddable":true,"href":"https:\/\/butikasia.pl\/index.php?rest_route=%2Fwp%2Fv2%2Fetheme_brands&post=3251"},{"taxonomy":"product_brand","embeddable":true,"href":"https:\/\/butikasia.pl\/index.php?rest_route=%2Fwp%2Fv2%2Fproduct_brand&post=3251"},{"taxonomy":"product_cat","embeddable":true,"href":"https:\/\/butikasia.pl\/index.php?rest_route=%2Fwp%2Fv2%2Fproduct_cat&post=3251"},{"taxonomy":"product_tag","embeddable":true,"href":"https:\/\/butikasia.pl\/index.php?rest_route=%2Fwp%2Fv2%2Fproduct_tag&post=3251"}],"curies":[{"name":"wp","href":"https:\/\/api.w.org\/{rel}","templated":true}]}}