{"id":3254,"date":"2026-03-02T08:40:28","date_gmt":"2026-03-02T07:40:28","guid":{"rendered":"https:\/\/butikasia.pl\/?post_type=product&#038;p=3254"},"modified":"2026-03-02T08:40:28","modified_gmt":"2026-03-02T07:40:28","slug":"kolczyki-biale-jasne-platki-zlote","status":"publish","type":"product","link":"https:\/\/butikasia.pl\/?product=kolczyki-biale-jasne-platki-zlote","title":{"rendered":"Kolczyki bia\u0142e jasne p\u0142atki  z\u0142ote"},"content":{"rendered":"<p>\u2764\ufe0f\ud83e\udd0d\ud83e\udd0dKolczyki \ud83e\udd0d\ud83e\udd0d\u2764\ufe0f<\/p>\n<p>*cena:45,-<\/p>\n<p>*zdobione \u015bmietankowymi\/kremowymi p\u0142atkami oraz koralikami<\/p>\n<p>&nbsp;<\/p>\n<p>#kolczyki #bi\u017cuteria #butikasia<\/p>\n","protected":false},"excerpt":{"rendered":"<blockquote><p>&nbsp;<\/p><\/blockquote>\n","protected":false},"featured_media":3255,"comment_status":"open","ping_status":"closed","template":"","meta":[],"etheme_brands":[],"product_brand":[],"product_cat":[123,121],"product_tag":[],"class_list":{"0":"post-3254","1":"product","2":"type-product","3":"status-publish","4":"has-post-thumbnail","6":"product_cat-kolczyki","7":"product_cat-akcesoria","9":"first","10":"instock","11":"shipping-taxable","12":"purchasable","13":"product-type-simple"},"_links":{"self":[{"href":"https:\/\/butikasia.pl\/index.php?rest_route=\/wp\/v2\/product\/3254","targetHints":{"allow":["GET"]}}],"collection":[{"href":"https:\/\/butikasia.pl\/index.php?rest_route=\/wp\/v2\/product"}],"about":[{"href":"https:\/\/butikasia.pl\/index.php?rest_route=\/wp\/v2\/types\/product"}],"replies":[{"embeddable":true,"href":"https:\/\/butikasia.pl\/index.php?rest_route=%2Fwp%2Fv2%2Fcomments&post=3254"}],"version-history":[{"count":1,"href":"https:\/\/butikasia.pl\/index.php?rest_route=\/wp\/v2\/product\/3254\/revisions"}],"predecessor-version":[{"id":3256,"href":"https:\/\/butikasia.pl\/index.php?rest_route=\/wp\/v2\/product\/3254\/revisions\/3256"}],"wp:featuredmedia":[{"embeddable":true,"href":"https:\/\/butikasia.pl\/index.php?rest_route=\/wp\/v2\/media\/3255"}],"wp:attachment":[{"href":"https:\/\/butikasia.pl\/index.php?rest_route=%2Fwp%2Fv2%2Fmedia&parent=3254"}],"wp:term":[{"taxonomy":"brand","embeddable":true,"href":"https:\/\/butikasia.pl\/index.php?rest_route=%2Fwp%2Fv2%2Fetheme_brands&post=3254"},{"taxonomy":"product_brand","embeddable":true,"href":"https:\/\/butikasia.pl\/index.php?rest_route=%2Fwp%2Fv2%2Fproduct_brand&post=3254"},{"taxonomy":"product_cat","embeddable":true,"href":"https:\/\/butikasia.pl\/index.php?rest_route=%2Fwp%2Fv2%2Fproduct_cat&post=3254"},{"taxonomy":"product_tag","embeddable":true,"href":"https:\/\/butikasia.pl\/index.php?rest_route=%2Fwp%2Fv2%2Fproduct_tag&post=3254"}],"curies":[{"name":"wp","href":"https:\/\/api.w.org\/{rel}","templated":true}]}}