{"id":3260,"date":"2026-03-02T08:44:34","date_gmt":"2026-03-02T07:44:34","guid":{"rendered":"https:\/\/butikasia.pl\/?post_type=product&#038;p=3260"},"modified":"2026-03-02T08:44:34","modified_gmt":"2026-03-02T07:44:34","slug":"kolczyki-dlugie-wiszace-pastelowe-rozowe-platki","status":"publish","type":"product","link":"https:\/\/butikasia.pl\/?product=kolczyki-dlugie-wiszace-pastelowe-rozowe-platki","title":{"rendered":"Kolczyki d\u0142ugie wisz\u0105ce pastelowe r\u00f3\u017cowe p\u0142atki"},"content":{"rendered":"<p>\ud83d\udc9b\ud83e\ude77Kolczyki \ud83e\ude77\ud83d\udc9b<\/p>\n<p>*cena:59,-<\/p>\n<p>&nbsp;<\/p>\n<p>#kolczyki #bi\u017cuteria #butikasia<\/p>\n","protected":false},"excerpt":{"rendered":"<p>\ud83d\udc9b\ud83e\ude77Kolczyki \ud83e\ude77\ud83d\udc9b *cena:59,- &nbsp; #kolczyki #bi\u017cuteria #butikasia<\/p>\n","protected":false},"featured_media":3261,"comment_status":"open","ping_status":"closed","template":"","meta":[],"etheme_brands":[],"product_brand":[],"product_cat":[123,121,104],"product_tag":[],"class_list":{"0":"post-3260","1":"product","2":"type-product","3":"status-publish","4":"has-post-thumbnail","6":"product_cat-kolczyki","7":"product_cat-akcesoria","8":"product_cat-nowosci","10":"first","11":"instock","12":"shipping-taxable","13":"purchasable","14":"product-type-simple"},"_links":{"self":[{"href":"https:\/\/butikasia.pl\/index.php?rest_route=\/wp\/v2\/product\/3260","targetHints":{"allow":["GET"]}}],"collection":[{"href":"https:\/\/butikasia.pl\/index.php?rest_route=\/wp\/v2\/product"}],"about":[{"href":"https:\/\/butikasia.pl\/index.php?rest_route=\/wp\/v2\/types\/product"}],"replies":[{"embeddable":true,"href":"https:\/\/butikasia.pl\/index.php?rest_route=%2Fwp%2Fv2%2Fcomments&post=3260"}],"version-history":[{"count":1,"href":"https:\/\/butikasia.pl\/index.php?rest_route=\/wp\/v2\/product\/3260\/revisions"}],"predecessor-version":[{"id":3262,"href":"https:\/\/butikasia.pl\/index.php?rest_route=\/wp\/v2\/product\/3260\/revisions\/3262"}],"wp:featuredmedia":[{"embeddable":true,"href":"https:\/\/butikasia.pl\/index.php?rest_route=\/wp\/v2\/media\/3261"}],"wp:attachment":[{"href":"https:\/\/butikasia.pl\/index.php?rest_route=%2Fwp%2Fv2%2Fmedia&parent=3260"}],"wp:term":[{"taxonomy":"brand","embeddable":true,"href":"https:\/\/butikasia.pl\/index.php?rest_route=%2Fwp%2Fv2%2Fetheme_brands&post=3260"},{"taxonomy":"product_brand","embeddable":true,"href":"https:\/\/butikasia.pl\/index.php?rest_route=%2Fwp%2Fv2%2Fproduct_brand&post=3260"},{"taxonomy":"product_cat","embeddable":true,"href":"https:\/\/butikasia.pl\/index.php?rest_route=%2Fwp%2Fv2%2Fproduct_cat&post=3260"},{"taxonomy":"product_tag","embeddable":true,"href":"https:\/\/butikasia.pl\/index.php?rest_route=%2Fwp%2Fv2%2Fproduct_tag&post=3260"}],"curies":[{"name":"wp","href":"https:\/\/api.w.org\/{rel}","templated":true}]}}