{"id":3268,"date":"2026-03-02T08:59:19","date_gmt":"2026-03-02T07:59:19","guid":{"rendered":"https:\/\/butikasia.pl\/?post_type=product&#038;p=3268"},"modified":"2026-03-02T08:59:19","modified_gmt":"2026-03-02T07:59:19","slug":"stroj-dwuczesciowy-pastelowy-wzory-40-42","status":"publish","type":"product","link":"https:\/\/butikasia.pl\/?product=stroj-dwuczesciowy-pastelowy-wzory-40-42","title":{"rendered":"Str\u00f3j dwucz\u0119\u015bciowy pastelowy wzory 40\/42"},"content":{"rendered":"<p>\ud83c\udfdc\ud83c\udfd6\ud83d\udc9aStr\u00f3j k\u0105pielowy RIESCO\ud83d\udc9a\ud83c\udfd6<\/p>\n<p>*g\u00f3ra r.XL,d\u00f3\u0142:r.L<\/p>\n<p>*cena:99,-<\/p>\n<p>*posiada usztywniane miseczki<\/p>\n<p>#strojek\u0105pielowe #bikini #urlop #wakacje<\/p>\n","protected":false},"excerpt":{"rendered":"<p>\ud83c\udfdc\ud83c\udfd6\ud83d\udc9aStr\u00f3j k\u0105pielowy RIESCO\ud83d\udc9a\ud83c\udfd6 *g\u00f3ra r.XL,d\u00f3\u0142:r.L *cena:99,- *posiada usztywniane miseczki #strojek\u0105pielowe #bikini #urlop #wakacje<\/p>\n","protected":false},"featured_media":3270,"comment_status":"open","ping_status":"closed","template":"","meta":[],"etheme_brands":[],"product_brand":[],"product_cat":[62,64,104,60],"product_tag":[],"class_list":{"0":"post-3268","1":"product","2":"type-product","3":"status-publish","4":"has-post-thumbnail","6":"product_cat-dwuczesciowe","7":"product_cat-moda-plazowa","8":"product_cat-nowosci","9":"product_cat-stroje-kapielowe","11":"first","12":"instock","13":"shipping-taxable","14":"purchasable","15":"product-type-simple"},"_links":{"self":[{"href":"https:\/\/butikasia.pl\/index.php?rest_route=\/wp\/v2\/product\/3268","targetHints":{"allow":["GET"]}}],"collection":[{"href":"https:\/\/butikasia.pl\/index.php?rest_route=\/wp\/v2\/product"}],"about":[{"href":"https:\/\/butikasia.pl\/index.php?rest_route=\/wp\/v2\/types\/product"}],"replies":[{"embeddable":true,"href":"https:\/\/butikasia.pl\/index.php?rest_route=%2Fwp%2Fv2%2Fcomments&post=3268"}],"version-history":[{"count":1,"href":"https:\/\/butikasia.pl\/index.php?rest_route=\/wp\/v2\/product\/3268\/revisions"}],"predecessor-version":[{"id":3273,"href":"https:\/\/butikasia.pl\/index.php?rest_route=\/wp\/v2\/product\/3268\/revisions\/3273"}],"wp:featuredmedia":[{"embeddable":true,"href":"https:\/\/butikasia.pl\/index.php?rest_route=\/wp\/v2\/media\/3270"}],"wp:attachment":[{"href":"https:\/\/butikasia.pl\/index.php?rest_route=%2Fwp%2Fv2%2Fmedia&parent=3268"}],"wp:term":[{"taxonomy":"brand","embeddable":true,"href":"https:\/\/butikasia.pl\/index.php?rest_route=%2Fwp%2Fv2%2Fetheme_brands&post=3268"},{"taxonomy":"product_brand","embeddable":true,"href":"https:\/\/butikasia.pl\/index.php?rest_route=%2Fwp%2Fv2%2Fproduct_brand&post=3268"},{"taxonomy":"product_cat","embeddable":true,"href":"https:\/\/butikasia.pl\/index.php?rest_route=%2Fwp%2Fv2%2Fproduct_cat&post=3268"},{"taxonomy":"product_tag","embeddable":true,"href":"https:\/\/butikasia.pl\/index.php?rest_route=%2Fwp%2Fv2%2Fproduct_tag&post=3268"}],"curies":[{"name":"wp","href":"https:\/\/api.w.org\/{rel}","templated":true}]}}