{"id":3296,"date":"2026-03-02T09:30:10","date_gmt":"2026-03-02T08:30:10","guid":{"rendered":"https:\/\/butikasia.pl\/?post_type=product&#038;p=3296"},"modified":"2026-03-02T09:30:10","modified_gmt":"2026-03-02T08:30:10","slug":"pareo-na-stroj-kapielowy-chusta-dluga-niebieska-biala-wzory","status":"publish","type":"product","link":"https:\/\/butikasia.pl\/?product=pareo-na-stroj-kapielowy-chusta-dluga-niebieska-biala-wzory","title":{"rendered":"Pareo na str\u00f3j k\u0105pielowy chusta d\u0142uga niebieska bia\u0142a wzory"},"content":{"rendered":"<p>\ud83d\udc99\ud83d\udc99\ud83d\udc1f\ud83e\udebcPAREO na Str\u00f3j k\u0105pielowy \ud83e\udebc\ud83d\udc1f\ud83d\udc99\ud83d\udc99<\/p>\n<p>*bez rozmiaru<\/p>\n<p>*cena:129,-<\/p>\n<p>*wi\u0105zane z boku<\/p>\n<p>*ca\u0142e w przepi\u0119kny print<\/p>\n<p>#pareo #lato #urlop<\/p>\n","protected":false},"excerpt":{"rendered":"<p>\ud83d\udc99\ud83d\udc99\ud83d\udc1f\ud83e\udebcPAREO na Str\u00f3j k\u0105pielowy \ud83e\udebc\ud83d\udc1f\ud83d\udc99\ud83d\udc99 *bez rozmiaru *cena:129,- *wi\u0105zane z boku *ca\u0142e w przepi\u0119kny print #pareo #lato #urlop<\/p>\n","protected":false},"featured_media":3298,"comment_status":"open","ping_status":"closed","template":"","meta":[],"etheme_brands":[],"product_brand":[],"product_cat":[15,64,104],"product_tag":[],"class_list":{"0":"post-3296","1":"product","2":"type-product","3":"status-publish","4":"has-post-thumbnail","6":"product_cat-inne","7":"product_cat-moda-plazowa","8":"product_cat-nowosci","10":"first","11":"instock","12":"shipping-taxable","13":"purchasable","14":"product-type-simple"},"_links":{"self":[{"href":"https:\/\/butikasia.pl\/index.php?rest_route=\/wp\/v2\/product\/3296","targetHints":{"allow":["GET"]}}],"collection":[{"href":"https:\/\/butikasia.pl\/index.php?rest_route=\/wp\/v2\/product"}],"about":[{"href":"https:\/\/butikasia.pl\/index.php?rest_route=\/wp\/v2\/types\/product"}],"replies":[{"embeddable":true,"href":"https:\/\/butikasia.pl\/index.php?rest_route=%2Fwp%2Fv2%2Fcomments&post=3296"}],"version-history":[{"count":1,"href":"https:\/\/butikasia.pl\/index.php?rest_route=\/wp\/v2\/product\/3296\/revisions"}],"predecessor-version":[{"id":3299,"href":"https:\/\/butikasia.pl\/index.php?rest_route=\/wp\/v2\/product\/3296\/revisions\/3299"}],"wp:featuredmedia":[{"embeddable":true,"href":"https:\/\/butikasia.pl\/index.php?rest_route=\/wp\/v2\/media\/3298"}],"wp:attachment":[{"href":"https:\/\/butikasia.pl\/index.php?rest_route=%2Fwp%2Fv2%2Fmedia&parent=3296"}],"wp:term":[{"taxonomy":"brand","embeddable":true,"href":"https:\/\/butikasia.pl\/index.php?rest_route=%2Fwp%2Fv2%2Fetheme_brands&post=3296"},{"taxonomy":"product_brand","embeddable":true,"href":"https:\/\/butikasia.pl\/index.php?rest_route=%2Fwp%2Fv2%2Fproduct_brand&post=3296"},{"taxonomy":"product_cat","embeddable":true,"href":"https:\/\/butikasia.pl\/index.php?rest_route=%2Fwp%2Fv2%2Fproduct_cat&post=3296"},{"taxonomy":"product_tag","embeddable":true,"href":"https:\/\/butikasia.pl\/index.php?rest_route=%2Fwp%2Fv2%2Fproduct_tag&post=3296"}],"curies":[{"name":"wp","href":"https:\/\/api.w.org\/{rel}","templated":true}]}}