{"id":3307,"date":"2026-03-02T09:39:40","date_gmt":"2026-03-02T08:39:40","guid":{"rendered":"https:\/\/butikasia.pl\/?post_type=product&#038;p=3307"},"modified":"2026-03-02T09:39:40","modified_gmt":"2026-03-02T08:39:40","slug":"tankini-stroj-kapielowy-lolland-42-xl-kolorowy-pomaranczowy","status":"publish","type":"product","link":"https:\/\/butikasia.pl\/?product=tankini-stroj-kapielowy-lolland-42-xl-kolorowy-pomaranczowy","title":{"rendered":"Tankini str\u00f3j k\u0105pielowy LOLLAND 42\/XL kolorowy pomara\u0144czowy"},"content":{"rendered":"<p>\ud83c\udf34\ud83c\udf49Str\u00f3j k\u0105pielowy LOLLAND\ud83c\udf49\ud83c\udf34<\/p>\n<p>*r.42<\/p>\n<p>*cena:199,-<\/p>\n<p>*tankini<\/p>\n<p>*g\u00f3ra w kolorze pomara\u0144czowym, d\u00f3\u0142 w kwiatowy wz\u00f3r<\/p>\n<p>*posiada wyci\u0105gane poduszki oraz odpinane rami\u0105czka<\/p>\n<p>*extra jako\u015b\u0107<\/p>\n<p>#butikasia #tankini #str\u00f3jk\u0105pielowy<\/p>\n","protected":false},"excerpt":{"rendered":"<p>\ud83c\udf34\ud83c\udf49Str\u00f3j k\u0105pielowy LOLLAND\ud83c\udf49\ud83c\udf34 *r.42 *cena:199,- *tankini *g\u00f3ra w kolorze pomara\u0144czowym, d\u00f3\u0142 w kwiatowy wz\u00f3r *posiada wyci\u0105gane poduszki oraz odpinane rami\u0105czka *extra jako\u015b\u0107 #butikasia #tankini #str\u00f3jk\u0105pielowy<\/p>\n","protected":false},"featured_media":3311,"comment_status":"open","ping_status":"closed","template":"","meta":[],"etheme_brands":[],"product_brand":[],"product_cat":[62,63,64,104,60],"product_tag":[],"class_list":{"0":"post-3307","1":"product","2":"type-product","3":"status-publish","4":"has-post-thumbnail","6":"product_cat-dwuczesciowe","7":"product_cat-monokini-i-tankini","8":"product_cat-moda-plazowa","9":"product_cat-nowosci","10":"product_cat-stroje-kapielowe","12":"first","13":"instock","14":"shipping-taxable","15":"purchasable","16":"product-type-simple"},"_links":{"self":[{"href":"https:\/\/butikasia.pl\/index.php?rest_route=\/wp\/v2\/product\/3307","targetHints":{"allow":["GET"]}}],"collection":[{"href":"https:\/\/butikasia.pl\/index.php?rest_route=\/wp\/v2\/product"}],"about":[{"href":"https:\/\/butikasia.pl\/index.php?rest_route=\/wp\/v2\/types\/product"}],"replies":[{"embeddable":true,"href":"https:\/\/butikasia.pl\/index.php?rest_route=%2Fwp%2Fv2%2Fcomments&post=3307"}],"version-history":[{"count":1,"href":"https:\/\/butikasia.pl\/index.php?rest_route=\/wp\/v2\/product\/3307\/revisions"}],"predecessor-version":[{"id":3312,"href":"https:\/\/butikasia.pl\/index.php?rest_route=\/wp\/v2\/product\/3307\/revisions\/3312"}],"wp:featuredmedia":[{"embeddable":true,"href":"https:\/\/butikasia.pl\/index.php?rest_route=\/wp\/v2\/media\/3311"}],"wp:attachment":[{"href":"https:\/\/butikasia.pl\/index.php?rest_route=%2Fwp%2Fv2%2Fmedia&parent=3307"}],"wp:term":[{"taxonomy":"brand","embeddable":true,"href":"https:\/\/butikasia.pl\/index.php?rest_route=%2Fwp%2Fv2%2Fetheme_brands&post=3307"},{"taxonomy":"product_brand","embeddable":true,"href":"https:\/\/butikasia.pl\/index.php?rest_route=%2Fwp%2Fv2%2Fproduct_brand&post=3307"},{"taxonomy":"product_cat","embeddable":true,"href":"https:\/\/butikasia.pl\/index.php?rest_route=%2Fwp%2Fv2%2Fproduct_cat&post=3307"},{"taxonomy":"product_tag","embeddable":true,"href":"https:\/\/butikasia.pl\/index.php?rest_route=%2Fwp%2Fv2%2Fproduct_tag&post=3307"}],"curies":[{"name":"wp","href":"https:\/\/api.w.org\/{rel}","templated":true}]}}