{"id":3315,"date":"2026-03-02T16:53:27","date_gmt":"2026-03-02T15:53:27","guid":{"rendered":"https:\/\/butikasia.pl\/?post_type=product&#038;p=3315"},"modified":"2026-03-02T16:53:27","modified_gmt":"2026-03-02T15:53:27","slug":"stroj-kapielowy-jednoczesciowy-ciovo-40-l-czarny-zielony","status":"publish","type":"product","link":"https:\/\/butikasia.pl\/?product=stroj-kapielowy-jednoczesciowy-ciovo-40-l-czarny-zielony","title":{"rendered":"Str\u00f3j k\u0105pielowy jednocz\u0119\u015bciowy CIOVO 40\/L czarny zielony"},"content":{"rendered":"<p>Str\u00f3j k\u0105pielowy CIOVO<\/p>\n<p>*r.40<\/p>\n<p>*cena:169,-<\/p>\n<p>*jednocz\u0119\u015bciowy<\/p>\n<p>*kolor:czarno-zielony<\/p>\n<p>*efekt push-up<\/p>\n<p>*posiada wyci\u0105gane wk\u0142adki<\/p>\n<p>#butikasia #str\u00f3jk\u0105pielowy #urlop #lato<\/p>\n","protected":false},"excerpt":{"rendered":"<p>Str\u00f3j k\u0105pielowy CIOVO *r.40 *cena:169,- *jednocz\u0119\u015bciowy *kolor:czarno-zielony *efekt push-up *posiada wyci\u0105gane wk\u0142adki #butikasia #str\u00f3jk\u0105pielowy #urlop #lato<\/p>\n","protected":false},"featured_media":3316,"comment_status":"open","ping_status":"closed","template":"","meta":[],"etheme_brands":[],"product_brand":[],"product_cat":[61,64,104,60],"product_tag":[],"class_list":{"0":"post-3315","1":"product","2":"type-product","3":"status-publish","4":"has-post-thumbnail","6":"product_cat-jednoczesciowe","7":"product_cat-moda-plazowa","8":"product_cat-nowosci","9":"product_cat-stroje-kapielowe","11":"first","12":"instock","13":"shipping-taxable","14":"purchasable","15":"product-type-simple"},"_links":{"self":[{"href":"https:\/\/butikasia.pl\/index.php?rest_route=\/wp\/v2\/product\/3315","targetHints":{"allow":["GET"]}}],"collection":[{"href":"https:\/\/butikasia.pl\/index.php?rest_route=\/wp\/v2\/product"}],"about":[{"href":"https:\/\/butikasia.pl\/index.php?rest_route=\/wp\/v2\/types\/product"}],"replies":[{"embeddable":true,"href":"https:\/\/butikasia.pl\/index.php?rest_route=%2Fwp%2Fv2%2Fcomments&post=3315"}],"version-history":[{"count":1,"href":"https:\/\/butikasia.pl\/index.php?rest_route=\/wp\/v2\/product\/3315\/revisions"}],"predecessor-version":[{"id":3317,"href":"https:\/\/butikasia.pl\/index.php?rest_route=\/wp\/v2\/product\/3315\/revisions\/3317"}],"wp:featuredmedia":[{"embeddable":true,"href":"https:\/\/butikasia.pl\/index.php?rest_route=\/wp\/v2\/media\/3316"}],"wp:attachment":[{"href":"https:\/\/butikasia.pl\/index.php?rest_route=%2Fwp%2Fv2%2Fmedia&parent=3315"}],"wp:term":[{"taxonomy":"brand","embeddable":true,"href":"https:\/\/butikasia.pl\/index.php?rest_route=%2Fwp%2Fv2%2Fetheme_brands&post=3315"},{"taxonomy":"product_brand","embeddable":true,"href":"https:\/\/butikasia.pl\/index.php?rest_route=%2Fwp%2Fv2%2Fproduct_brand&post=3315"},{"taxonomy":"product_cat","embeddable":true,"href":"https:\/\/butikasia.pl\/index.php?rest_route=%2Fwp%2Fv2%2Fproduct_cat&post=3315"},{"taxonomy":"product_tag","embeddable":true,"href":"https:\/\/butikasia.pl\/index.php?rest_route=%2Fwp%2Fv2%2Fproduct_tag&post=3315"}],"curies":[{"name":"wp","href":"https:\/\/api.w.org\/{rel}","templated":true}]}}