{"id":3347,"date":"2026-03-02T19:16:52","date_gmt":"2026-03-02T18:16:52","guid":{"rendered":"https:\/\/butikasia.pl\/?post_type=product&#038;p=3347"},"modified":"2026-03-02T19:16:52","modified_gmt":"2026-03-02T18:16:52","slug":"stroj-kapielowy-rineja-dwuczesciowy-tankini-36-s-czarny-wzory","status":"publish","type":"product","link":"https:\/\/butikasia.pl\/?product=stroj-kapielowy-rineja-dwuczesciowy-tankini-36-s-czarny-wzory","title":{"rendered":"Str\u00f3j k\u0105pielowy RINEJA dwucz\u0119\u015bciowy tankini 36\/S czarny wzory"},"content":{"rendered":"<p>\ud83c\udf49\ud83c\udfdc\ufe0f\ud83e\udd65 Str\u00f3j k\u0105pielowy RINEJA\ud83c\udf47\ud83c\udfdc\ufe0f<\/p>\n<p>*r.36<\/p>\n<p>*extra cena:199,-<\/p>\n<p>*kolor:g\u00f3ra w kolorze czarnym, d\u00f3\u0142 w kwiatowy print<\/p>\n<p>*tankini<\/p>\n<p>*posiada wyci\u0105gane poduszki<\/p>\n<p>*jako\u015b\u0107 PREMIUM<\/p>\n<p>#butikasia #str\u00f3jk\u0105pielowy #bikini<\/p>\n","protected":false},"excerpt":{"rendered":"<p>\ud83c\udf49\ud83c\udfdc\ufe0f\ud83e\udd65 Str\u00f3j k\u0105pielowy RINEJA\ud83c\udf47\ud83c\udfdc\ufe0f *r.36 *extra cena:199,- *kolor:g\u00f3ra w kolorze czarnym, d\u00f3\u0142 w kwiatowy print *tankini *posiada wyci\u0105gane poduszki *jako\u015b\u0107 PREMIUM #butikasia #str\u00f3jk\u0105pielowy #bikini<\/p>\n","protected":false},"featured_media":3351,"comment_status":"open","ping_status":"closed","template":"","meta":[],"etheme_brands":[],"product_brand":[],"product_cat":[62,63,64,104,60],"product_tag":[],"class_list":{"0":"post-3347","1":"product","2":"type-product","3":"status-publish","4":"has-post-thumbnail","6":"product_cat-dwuczesciowe","7":"product_cat-monokini-i-tankini","8":"product_cat-moda-plazowa","9":"product_cat-nowosci","10":"product_cat-stroje-kapielowe","12":"first","13":"instock","14":"shipping-taxable","15":"purchasable","16":"product-type-simple"},"_links":{"self":[{"href":"https:\/\/butikasia.pl\/index.php?rest_route=\/wp\/v2\/product\/3347","targetHints":{"allow":["GET"]}}],"collection":[{"href":"https:\/\/butikasia.pl\/index.php?rest_route=\/wp\/v2\/product"}],"about":[{"href":"https:\/\/butikasia.pl\/index.php?rest_route=\/wp\/v2\/types\/product"}],"replies":[{"embeddable":true,"href":"https:\/\/butikasia.pl\/index.php?rest_route=%2Fwp%2Fv2%2Fcomments&post=3347"}],"version-history":[{"count":1,"href":"https:\/\/butikasia.pl\/index.php?rest_route=\/wp\/v2\/product\/3347\/revisions"}],"predecessor-version":[{"id":3353,"href":"https:\/\/butikasia.pl\/index.php?rest_route=\/wp\/v2\/product\/3347\/revisions\/3353"}],"wp:featuredmedia":[{"embeddable":true,"href":"https:\/\/butikasia.pl\/index.php?rest_route=\/wp\/v2\/media\/3351"}],"wp:attachment":[{"href":"https:\/\/butikasia.pl\/index.php?rest_route=%2Fwp%2Fv2%2Fmedia&parent=3347"}],"wp:term":[{"taxonomy":"brand","embeddable":true,"href":"https:\/\/butikasia.pl\/index.php?rest_route=%2Fwp%2Fv2%2Fetheme_brands&post=3347"},{"taxonomy":"product_brand","embeddable":true,"href":"https:\/\/butikasia.pl\/index.php?rest_route=%2Fwp%2Fv2%2Fproduct_brand&post=3347"},{"taxonomy":"product_cat","embeddable":true,"href":"https:\/\/butikasia.pl\/index.php?rest_route=%2Fwp%2Fv2%2Fproduct_cat&post=3347"},{"taxonomy":"product_tag","embeddable":true,"href":"https:\/\/butikasia.pl\/index.php?rest_route=%2Fwp%2Fv2%2Fproduct_tag&post=3347"}],"curies":[{"name":"wp","href":"https:\/\/api.w.org\/{rel}","templated":true}]}}