{"id":3360,"date":"2026-03-02T19:25:07","date_gmt":"2026-03-02T18:25:07","guid":{"rendered":"https:\/\/butikasia.pl\/?post_type=product&#038;p=3360"},"modified":"2026-03-02T19:25:07","modified_gmt":"2026-03-02T18:25:07","slug":"stroj-kapielowy-jednoczesciowy-38-m-butelkowa-zielen","status":"publish","type":"product","link":"https:\/\/butikasia.pl\/?product=stroj-kapielowy-jednoczesciowy-38-m-butelkowa-zielen","title":{"rendered":"Str\u00f3j k\u0105pielowy jednocz\u0119\u015bciowy 38\/M butelkowa ziele\u0144"},"content":{"rendered":"<blockquote><p>\ud83c\udf4d\ud83c\udf49\ud83c\udf52\ud83c\udf53\ud83e\udd6d<\/p><\/blockquote>\n<p>\u25cfStr\u00f3j k\u0105pielowy PONTA DA FERRARA\u25cf<\/p>\n<p>*r.38<\/p>\n<p>*extra cena:199,-<\/p>\n<p>*kolor:butelkowa ziele\u0144<\/p>\n<p>*posiada wyci\u0105gane miseczki oraz regulowane rami\u0105czka<\/p>\n<p>#butikasia #str\u00f3jjednocz\u0119\u015bciowy #lato #urlop<\/p>\n","protected":false},"excerpt":{"rendered":"<p>\ud83c\udf4d\ud83c\udf49\ud83c\udf52\ud83c\udf53\ud83e\udd6d \u25cfStr\u00f3j k\u0105pielowy PONTA DA FERRARA\u25cf *r.38 *extra cena:199,- *kolor:butelkowa ziele\u0144 *posiada wyci\u0105gane miseczki oraz regulowane rami\u0105czka #butikasia #str\u00f3jjednocz\u0119\u015bciowy #lato #urlop<\/p>\n","protected":false},"featured_media":3361,"comment_status":"open","ping_status":"closed","template":"","meta":[],"etheme_brands":[],"product_brand":[],"product_cat":[61,64,104,60],"product_tag":[],"class_list":{"0":"post-3360","1":"product","2":"type-product","3":"status-publish","4":"has-post-thumbnail","6":"product_cat-jednoczesciowe","7":"product_cat-moda-plazowa","8":"product_cat-nowosci","9":"product_cat-stroje-kapielowe","11":"first","12":"instock","13":"shipping-taxable","14":"purchasable","15":"product-type-simple"},"_links":{"self":[{"href":"https:\/\/butikasia.pl\/index.php?rest_route=\/wp\/v2\/product\/3360","targetHints":{"allow":["GET"]}}],"collection":[{"href":"https:\/\/butikasia.pl\/index.php?rest_route=\/wp\/v2\/product"}],"about":[{"href":"https:\/\/butikasia.pl\/index.php?rest_route=\/wp\/v2\/types\/product"}],"replies":[{"embeddable":true,"href":"https:\/\/butikasia.pl\/index.php?rest_route=%2Fwp%2Fv2%2Fcomments&post=3360"}],"version-history":[{"count":1,"href":"https:\/\/butikasia.pl\/index.php?rest_route=\/wp\/v2\/product\/3360\/revisions"}],"predecessor-version":[{"id":3364,"href":"https:\/\/butikasia.pl\/index.php?rest_route=\/wp\/v2\/product\/3360\/revisions\/3364"}],"wp:featuredmedia":[{"embeddable":true,"href":"https:\/\/butikasia.pl\/index.php?rest_route=\/wp\/v2\/media\/3361"}],"wp:attachment":[{"href":"https:\/\/butikasia.pl\/index.php?rest_route=%2Fwp%2Fv2%2Fmedia&parent=3360"}],"wp:term":[{"taxonomy":"brand","embeddable":true,"href":"https:\/\/butikasia.pl\/index.php?rest_route=%2Fwp%2Fv2%2Fetheme_brands&post=3360"},{"taxonomy":"product_brand","embeddable":true,"href":"https:\/\/butikasia.pl\/index.php?rest_route=%2Fwp%2Fv2%2Fproduct_brand&post=3360"},{"taxonomy":"product_cat","embeddable":true,"href":"https:\/\/butikasia.pl\/index.php?rest_route=%2Fwp%2Fv2%2Fproduct_cat&post=3360"},{"taxonomy":"product_tag","embeddable":true,"href":"https:\/\/butikasia.pl\/index.php?rest_route=%2Fwp%2Fv2%2Fproduct_tag&post=3360"}],"curies":[{"name":"wp","href":"https:\/\/api.w.org\/{rel}","templated":true}]}}