{"id":3379,"date":"2026-03-02T19:44:30","date_gmt":"2026-03-02T18:44:30","guid":{"rendered":"https:\/\/butikasia.pl\/?post_type=product&#038;p=3379"},"modified":"2026-03-02T19:44:30","modified_gmt":"2026-03-02T18:44:30","slug":"stroj-kapielowy-dwuczesciowy-38-czarny-wzory","status":"publish","type":"product","link":"https:\/\/butikasia.pl\/?product=stroj-kapielowy-dwuczesciowy-38-czarny-wzory","title":{"rendered":"Str\u00f3j k\u0105pielowy dwucz\u0119\u015bciowy 38 czarny wzory"},"content":{"rendered":"<p>\ud83c\udf34Str\u00f3j k\u0105pielowy FRATELLI\ud83c\udf34<\/p>\n<p>*r.38<\/p>\n<p>*cena:199,-<\/p>\n<p>*g\u00f3ra w kolorze czarnym, d\u00f3\u0142 w kwiatowy print<\/p>\n<p>*wysoka jako\u015b\u0107 wykonania<\/p>\n<p>*posiada wyci\u0105gane poduszki<\/p>\n<p>#butikasia #str\u00f3jk\u0105pielowy<\/p>\n","protected":false},"excerpt":{"rendered":"<p>\ud83c\udf34Str\u00f3j k\u0105pielowy FRATELLI\ud83c\udf34 *r.38 *cena:199,- *g\u00f3ra w kolorze czarnym, d\u00f3\u0142 w kwiatowy print *wysoka jako\u015b\u0107 wykonania *posiada wyci\u0105gane poduszki #butikasia #str\u00f3jk\u0105pielowy<\/p>\n","protected":false},"featured_media":3380,"comment_status":"open","ping_status":"closed","template":"","meta":[],"etheme_brands":[],"product_brand":[],"product_cat":[62,64,104,60],"product_tag":[],"class_list":{"0":"post-3379","1":"product","2":"type-product","3":"status-publish","4":"has-post-thumbnail","6":"product_cat-dwuczesciowe","7":"product_cat-moda-plazowa","8":"product_cat-nowosci","9":"product_cat-stroje-kapielowe","11":"first","12":"instock","13":"shipping-taxable","14":"purchasable","15":"product-type-simple"},"_links":{"self":[{"href":"https:\/\/butikasia.pl\/index.php?rest_route=\/wp\/v2\/product\/3379","targetHints":{"allow":["GET"]}}],"collection":[{"href":"https:\/\/butikasia.pl\/index.php?rest_route=\/wp\/v2\/product"}],"about":[{"href":"https:\/\/butikasia.pl\/index.php?rest_route=\/wp\/v2\/types\/product"}],"replies":[{"embeddable":true,"href":"https:\/\/butikasia.pl\/index.php?rest_route=%2Fwp%2Fv2%2Fcomments&post=3379"}],"version-history":[{"count":1,"href":"https:\/\/butikasia.pl\/index.php?rest_route=\/wp\/v2\/product\/3379\/revisions"}],"predecessor-version":[{"id":3383,"href":"https:\/\/butikasia.pl\/index.php?rest_route=\/wp\/v2\/product\/3379\/revisions\/3383"}],"wp:featuredmedia":[{"embeddable":true,"href":"https:\/\/butikasia.pl\/index.php?rest_route=\/wp\/v2\/media\/3380"}],"wp:attachment":[{"href":"https:\/\/butikasia.pl\/index.php?rest_route=%2Fwp%2Fv2%2Fmedia&parent=3379"}],"wp:term":[{"taxonomy":"brand","embeddable":true,"href":"https:\/\/butikasia.pl\/index.php?rest_route=%2Fwp%2Fv2%2Fetheme_brands&post=3379"},{"taxonomy":"product_brand","embeddable":true,"href":"https:\/\/butikasia.pl\/index.php?rest_route=%2Fwp%2Fv2%2Fproduct_brand&post=3379"},{"taxonomy":"product_cat","embeddable":true,"href":"https:\/\/butikasia.pl\/index.php?rest_route=%2Fwp%2Fv2%2Fproduct_cat&post=3379"},{"taxonomy":"product_tag","embeddable":true,"href":"https:\/\/butikasia.pl\/index.php?rest_route=%2Fwp%2Fv2%2Fproduct_tag&post=3379"}],"curies":[{"name":"wp","href":"https:\/\/api.w.org\/{rel}","templated":true}]}}