{"id":3404,"date":"2026-03-02T20:02:06","date_gmt":"2026-03-02T19:02:06","guid":{"rendered":"https:\/\/butikasia.pl\/?post_type=product&#038;p=3404"},"modified":"2026-03-02T20:02:06","modified_gmt":"2026-03-02T19:02:06","slug":"stroj-kapielowy-bialy-36-s-taormina","status":"publish","type":"product","link":"https:\/\/butikasia.pl\/?product=stroj-kapielowy-bialy-36-s-taormina","title":{"rendered":"Str\u00f3j k\u0105pielowy bia\u0142y 36\/S TAORMINA"},"content":{"rendered":"<p>\ud83c\udf4dStr\u00f3j k\u0105pielowy TAORMINA\ud83c\udf4d<\/p>\n<p>*r.36<\/p>\n<p>*cena:169,-<\/p>\n<p>*kolor:bia\u0142y<\/p>\n<p>*delikatnie pr\u0105\u017ckowany<\/p>\n<p>*wysoka jako\u015b\u0107 wykonania<\/p>\n<p>#butikasia #str\u00f3jk\u0105pielowy<\/p>\n","protected":false},"excerpt":{"rendered":"<p>\ud83c\udf4dStr\u00f3j k\u0105pielowy TAORMINA\ud83c\udf4d *r.36 *cena:169,- *kolor:bia\u0142y *delikatnie pr\u0105\u017ckowany *wysoka jako\u015b\u0107 wykonania #butikasia #str\u00f3jk\u0105pielowy<\/p>\n","protected":false},"featured_media":3409,"comment_status":"open","ping_status":"closed","template":"","meta":[],"etheme_brands":[],"product_brand":[],"product_cat":[62,64,104,60,106],"product_tag":[],"class_list":{"0":"post-3404","1":"product","2":"type-product","3":"status-publish","4":"has-post-thumbnail","6":"product_cat-dwuczesciowe","7":"product_cat-moda-plazowa","8":"product_cat-nowosci","9":"product_cat-stroje-kapielowe","10":"product_cat-wyprzedaz","12":"first","13":"instock","14":"sale","15":"shipping-taxable","16":"purchasable","17":"product-type-simple"},"_links":{"self":[{"href":"https:\/\/butikasia.pl\/index.php?rest_route=\/wp\/v2\/product\/3404","targetHints":{"allow":["GET"]}}],"collection":[{"href":"https:\/\/butikasia.pl\/index.php?rest_route=\/wp\/v2\/product"}],"about":[{"href":"https:\/\/butikasia.pl\/index.php?rest_route=\/wp\/v2\/types\/product"}],"replies":[{"embeddable":true,"href":"https:\/\/butikasia.pl\/index.php?rest_route=%2Fwp%2Fv2%2Fcomments&post=3404"}],"version-history":[{"count":1,"href":"https:\/\/butikasia.pl\/index.php?rest_route=\/wp\/v2\/product\/3404\/revisions"}],"predecessor-version":[{"id":3413,"href":"https:\/\/butikasia.pl\/index.php?rest_route=\/wp\/v2\/product\/3404\/revisions\/3413"}],"wp:featuredmedia":[{"embeddable":true,"href":"https:\/\/butikasia.pl\/index.php?rest_route=\/wp\/v2\/media\/3409"}],"wp:attachment":[{"href":"https:\/\/butikasia.pl\/index.php?rest_route=%2Fwp%2Fv2%2Fmedia&parent=3404"}],"wp:term":[{"taxonomy":"brand","embeddable":true,"href":"https:\/\/butikasia.pl\/index.php?rest_route=%2Fwp%2Fv2%2Fetheme_brands&post=3404"},{"taxonomy":"product_brand","embeddable":true,"href":"https:\/\/butikasia.pl\/index.php?rest_route=%2Fwp%2Fv2%2Fproduct_brand&post=3404"},{"taxonomy":"product_cat","embeddable":true,"href":"https:\/\/butikasia.pl\/index.php?rest_route=%2Fwp%2Fv2%2Fproduct_cat&post=3404"},{"taxonomy":"product_tag","embeddable":true,"href":"https:\/\/butikasia.pl\/index.php?rest_route=%2Fwp%2Fv2%2Fproduct_tag&post=3404"}],"curies":[{"name":"wp","href":"https:\/\/api.w.org\/{rel}","templated":true}]}}