{"id":3417,"date":"2026-03-02T20:08:02","date_gmt":"2026-03-02T19:08:02","guid":{"rendered":"https:\/\/butikasia.pl\/?post_type=product&#038;p=3417"},"modified":"2026-03-02T20:08:02","modified_gmt":"2026-03-02T19:08:02","slug":"stroj-kapielowy-jednoczesciowy-38-m-kwiaty-wzory","status":"publish","type":"product","link":"https:\/\/butikasia.pl\/?product=stroj-kapielowy-jednoczesciowy-38-m-kwiaty-wzory","title":{"rendered":"Str\u00f3j k\u0105pielowy jednocz\u0119\u015bciowy 38\/M kwiaty wzory"},"content":{"rendered":"<p>\ud83d\udc20\ud83c\udf49\u2600\ufe0fStr\u00f3j k\u0105pielowy PRAIA\ud83d\udc20\ud83c\udf49\u2600\ufe0f<\/p>\n<p>*r.38<\/p>\n<p>*cena:179,-<\/p>\n<p>*posiada regulowane rami\u0105czka oraz wyci\u0105gane poduszeczki<\/p>\n<p>*jako\u015b\u0107 PREMIUM<\/p>\n<p>#butikasia #str\u00f3jk\u0105pielowy<\/p>\n","protected":false},"excerpt":{"rendered":"<p>\ud83d\udc20\ud83c\udf49\u2600\ufe0fStr\u00f3j k\u0105pielowy PRAIA\ud83d\udc20\ud83c\udf49\u2600\ufe0f *r.38 *cena:179,- *posiada regulowane rami\u0105czka oraz wyci\u0105gane poduszeczki *jako\u015b\u0107 PREMIUM #butikasia #str\u00f3jk\u0105pielowy<\/p>\n","protected":false},"featured_media":3422,"comment_status":"open","ping_status":"closed","template":"","meta":[],"etheme_brands":[],"product_brand":[],"product_cat":[61,64,104,60],"product_tag":[],"class_list":{"0":"post-3417","1":"product","2":"type-product","3":"status-publish","4":"has-post-thumbnail","6":"product_cat-jednoczesciowe","7":"product_cat-moda-plazowa","8":"product_cat-nowosci","9":"product_cat-stroje-kapielowe","11":"first","12":"instock","13":"shipping-taxable","14":"purchasable","15":"product-type-simple"},"_links":{"self":[{"href":"https:\/\/butikasia.pl\/index.php?rest_route=\/wp\/v2\/product\/3417","targetHints":{"allow":["GET"]}}],"collection":[{"href":"https:\/\/butikasia.pl\/index.php?rest_route=\/wp\/v2\/product"}],"about":[{"href":"https:\/\/butikasia.pl\/index.php?rest_route=\/wp\/v2\/types\/product"}],"replies":[{"embeddable":true,"href":"https:\/\/butikasia.pl\/index.php?rest_route=%2Fwp%2Fv2%2Fcomments&post=3417"}],"version-history":[{"count":1,"href":"https:\/\/butikasia.pl\/index.php?rest_route=\/wp\/v2\/product\/3417\/revisions"}],"predecessor-version":[{"id":3423,"href":"https:\/\/butikasia.pl\/index.php?rest_route=\/wp\/v2\/product\/3417\/revisions\/3423"}],"wp:featuredmedia":[{"embeddable":true,"href":"https:\/\/butikasia.pl\/index.php?rest_route=\/wp\/v2\/media\/3422"}],"wp:attachment":[{"href":"https:\/\/butikasia.pl\/index.php?rest_route=%2Fwp%2Fv2%2Fmedia&parent=3417"}],"wp:term":[{"taxonomy":"brand","embeddable":true,"href":"https:\/\/butikasia.pl\/index.php?rest_route=%2Fwp%2Fv2%2Fetheme_brands&post=3417"},{"taxonomy":"product_brand","embeddable":true,"href":"https:\/\/butikasia.pl\/index.php?rest_route=%2Fwp%2Fv2%2Fproduct_brand&post=3417"},{"taxonomy":"product_cat","embeddable":true,"href":"https:\/\/butikasia.pl\/index.php?rest_route=%2Fwp%2Fv2%2Fproduct_cat&post=3417"},{"taxonomy":"product_tag","embeddable":true,"href":"https:\/\/butikasia.pl\/index.php?rest_route=%2Fwp%2Fv2%2Fproduct_tag&post=3417"}],"curies":[{"name":"wp","href":"https:\/\/api.w.org\/{rel}","templated":true}]}}