{"id":3444,"date":"2026-03-02T20:30:18","date_gmt":"2026-03-02T19:30:18","guid":{"rendered":"https:\/\/butikasia.pl\/?post_type=product&#038;p=3444"},"modified":"2026-03-02T20:30:18","modified_gmt":"2026-03-02T19:30:18","slug":"stroj-jednoczesciowy-36-s-ciovo-czerwony-panterka","status":"publish","type":"product","link":"https:\/\/butikasia.pl\/?product=stroj-jednoczesciowy-36-s-ciovo-czerwony-panterka","title":{"rendered":"Str\u00f3j jednocz\u0119\u015bciowy 36\/S CIOVO czerwony panterka"},"content":{"rendered":"<p>\ud83c\udf53\ud83c\udf53NOWO\u015a\u0106\ud83c\udf53\ud83c\udf53<\/p>\n<p>Str\u00f3j k\u0105pielowy CIOVO<\/p>\n<p>*r.36<\/p>\n<p>*cena:169,-<\/p>\n<p>*jednocz\u0119\u015bciowy<\/p>\n<p>*g\u00f3ra w kolorze czerwonym,d\u00f3\u0142 w panterkowy print<\/p>\n<p>*efekt push-up<\/p>\n<p>*posiada wyci\u0105gane wk\u0142adki<\/p>\n<p>#urlop #str\u00f3jjednocz\u0119sciowy #strojek\u0105pielowe<\/p>\n","protected":false},"excerpt":{"rendered":"<p>\ud83c\udf53\ud83c\udf53NOWO\u015a\u0106\ud83c\udf53\ud83c\udf53 Str\u00f3j k\u0105pielowy CIOVO *r.36 *cena:169,- *jednocz\u0119\u015bciowy *g\u00f3ra w kolorze czerwonym,d\u00f3\u0142 w panterkowy print *efekt push-up *posiada wyci\u0105gane wk\u0142adki #urlop #str\u00f3jjednocz\u0119sciowy #strojek\u0105pielowe<\/p>\n","protected":false},"featured_media":3445,"comment_status":"open","ping_status":"closed","template":"","meta":[],"etheme_brands":[],"product_brand":[],"product_cat":[61,64,104,60],"product_tag":[],"class_list":{"0":"post-3444","1":"product","2":"type-product","3":"status-publish","4":"has-post-thumbnail","6":"product_cat-jednoczesciowe","7":"product_cat-moda-plazowa","8":"product_cat-nowosci","9":"product_cat-stroje-kapielowe","11":"first","12":"instock","13":"shipping-taxable","14":"purchasable","15":"product-type-simple"},"_links":{"self":[{"href":"https:\/\/butikasia.pl\/index.php?rest_route=\/wp\/v2\/product\/3444","targetHints":{"allow":["GET"]}}],"collection":[{"href":"https:\/\/butikasia.pl\/index.php?rest_route=\/wp\/v2\/product"}],"about":[{"href":"https:\/\/butikasia.pl\/index.php?rest_route=\/wp\/v2\/types\/product"}],"replies":[{"embeddable":true,"href":"https:\/\/butikasia.pl\/index.php?rest_route=%2Fwp%2Fv2%2Fcomments&post=3444"}],"version-history":[{"count":1,"href":"https:\/\/butikasia.pl\/index.php?rest_route=\/wp\/v2\/product\/3444\/revisions"}],"predecessor-version":[{"id":3446,"href":"https:\/\/butikasia.pl\/index.php?rest_route=\/wp\/v2\/product\/3444\/revisions\/3446"}],"wp:featuredmedia":[{"embeddable":true,"href":"https:\/\/butikasia.pl\/index.php?rest_route=\/wp\/v2\/media\/3445"}],"wp:attachment":[{"href":"https:\/\/butikasia.pl\/index.php?rest_route=%2Fwp%2Fv2%2Fmedia&parent=3444"}],"wp:term":[{"taxonomy":"brand","embeddable":true,"href":"https:\/\/butikasia.pl\/index.php?rest_route=%2Fwp%2Fv2%2Fetheme_brands&post=3444"},{"taxonomy":"product_brand","embeddable":true,"href":"https:\/\/butikasia.pl\/index.php?rest_route=%2Fwp%2Fv2%2Fproduct_brand&post=3444"},{"taxonomy":"product_cat","embeddable":true,"href":"https:\/\/butikasia.pl\/index.php?rest_route=%2Fwp%2Fv2%2Fproduct_cat&post=3444"},{"taxonomy":"product_tag","embeddable":true,"href":"https:\/\/butikasia.pl\/index.php?rest_route=%2Fwp%2Fv2%2Fproduct_tag&post=3444"}],"curies":[{"name":"wp","href":"https:\/\/api.w.org\/{rel}","templated":true}]}}