{"id":3486,"date":"2026-03-03T09:01:47","date_gmt":"2026-03-03T08:01:47","guid":{"rendered":"https:\/\/butikasia.pl\/?post_type=product&#038;p=3486"},"modified":"2026-03-03T09:01:47","modified_gmt":"2026-03-03T08:01:47","slug":"stroj-kapielowy-dwuczesciowy-makau-wzory-wysoki-stan-44-xxl","status":"publish","type":"product","link":"https:\/\/butikasia.pl\/?product=stroj-kapielowy-dwuczesciowy-makau-wzory-wysoki-stan-44-xxl","title":{"rendered":"Str\u00f3j k\u0105pielowy dwucz\u0119\u015bciowy MAKAU wzory wysoki stan 44\/XXL"},"content":{"rendered":"<p>\ud83c\udf34Str\u00f3j k\u0105pielowy MAKAU Bis\ud83e\udde1\ud83d\udc99\ud83e\udde1<\/p>\n<p>*r.44<\/p>\n<p>*extra cena:169,-<\/p>\n<p>*top z falbankami w kolorowy print ,majtki z wysokim stanem w kolorze morskim<\/p>\n<p>*posiada wyjmowane wk\u0142adki oraz regulowane rami\u0105czka<\/p>\n<p>#butikasia #strojk\u0105pielowy<\/p>\n","protected":false},"excerpt":{"rendered":"<p>\ud83c\udf34Str\u00f3j k\u0105pielowy MAKAU Bis\ud83e\udde1\ud83d\udc99\ud83e\udde1 *r.44 *extra cena:169,- *top z falbankami w kolorowy print ,majtki z wysokim stanem w kolorze morskim *posiada wyjmowane wk\u0142adki oraz regulowane&#8230;<\/p>\n","protected":false},"featured_media":3491,"comment_status":"open","ping_status":"closed","template":"","meta":[],"etheme_brands":[],"product_brand":[],"product_cat":[62,63,64,108,104,60],"product_tag":[],"class_list":{"0":"post-3486","1":"product","2":"type-product","3":"status-publish","4":"has-post-thumbnail","6":"product_cat-dwuczesciowe","7":"product_cat-monokini-i-tankini","8":"product_cat-moda-plazowa","9":"product_cat-moda-plus-size","10":"product_cat-nowosci","11":"product_cat-stroje-kapielowe","13":"first","14":"instock","15":"shipping-taxable","16":"purchasable","17":"product-type-simple"},"_links":{"self":[{"href":"https:\/\/butikasia.pl\/index.php?rest_route=\/wp\/v2\/product\/3486","targetHints":{"allow":["GET"]}}],"collection":[{"href":"https:\/\/butikasia.pl\/index.php?rest_route=\/wp\/v2\/product"}],"about":[{"href":"https:\/\/butikasia.pl\/index.php?rest_route=\/wp\/v2\/types\/product"}],"replies":[{"embeddable":true,"href":"https:\/\/butikasia.pl\/index.php?rest_route=%2Fwp%2Fv2%2Fcomments&post=3486"}],"version-history":[{"count":1,"href":"https:\/\/butikasia.pl\/index.php?rest_route=\/wp\/v2\/product\/3486\/revisions"}],"predecessor-version":[{"id":3492,"href":"https:\/\/butikasia.pl\/index.php?rest_route=\/wp\/v2\/product\/3486\/revisions\/3492"}],"wp:featuredmedia":[{"embeddable":true,"href":"https:\/\/butikasia.pl\/index.php?rest_route=\/wp\/v2\/media\/3491"}],"wp:attachment":[{"href":"https:\/\/butikasia.pl\/index.php?rest_route=%2Fwp%2Fv2%2Fmedia&parent=3486"}],"wp:term":[{"taxonomy":"brand","embeddable":true,"href":"https:\/\/butikasia.pl\/index.php?rest_route=%2Fwp%2Fv2%2Fetheme_brands&post=3486"},{"taxonomy":"product_brand","embeddable":true,"href":"https:\/\/butikasia.pl\/index.php?rest_route=%2Fwp%2Fv2%2Fproduct_brand&post=3486"},{"taxonomy":"product_cat","embeddable":true,"href":"https:\/\/butikasia.pl\/index.php?rest_route=%2Fwp%2Fv2%2Fproduct_cat&post=3486"},{"taxonomy":"product_tag","embeddable":true,"href":"https:\/\/butikasia.pl\/index.php?rest_route=%2Fwp%2Fv2%2Fproduct_tag&post=3486"}],"curies":[{"name":"wp","href":"https:\/\/api.w.org\/{rel}","templated":true}]}}