{"id":3510,"date":"2026-03-03T09:14:16","date_gmt":"2026-03-03T08:14:16","guid":{"rendered":"https:\/\/butikasia.pl\/?post_type=product&#038;p=3510"},"modified":"2026-03-03T09:14:16","modified_gmt":"2026-03-03T08:14:16","slug":"stroj-kapielowy-efate-36-s-dwuczesciowy-z-wysokim-stanem","status":"publish","type":"product","link":"https:\/\/butikasia.pl\/?product=stroj-kapielowy-efate-36-s-dwuczesciowy-z-wysokim-stanem","title":{"rendered":"Str\u00f3j k\u0105pielowy EFATE 36\/S dwucz\u0119\u015bciowy z wysokim stanem"},"content":{"rendered":"<p>\ud83e\udd0d\ud83c\udf34\ud83c\udf49Str\u00f3j k\u0105pielowy EFATE\ud83c\udf49\ud83c\udf34\ud83e\udd0d<\/p>\n<p>*r.36<\/p>\n<p>*cena:139,-<\/p>\n<p>*g\u00f3ra w kolorze koralowym , d\u00f3\u0142-bia\u0142y +wz\u00f3r<\/p>\n<p>*posiada wyci\u0105gane wk\u0142adki<\/p>\n<p>*wysoki stan<\/p>\n<p>*super jako\u015b\u0107 \ud83d\udc4d<\/p>\n<p>#butikasia #strojek\u0105pielowe #bikini<\/p>\n","protected":false},"excerpt":{"rendered":"<p>\ud83e\udd0d\ud83c\udf34\ud83c\udf49Str\u00f3j k\u0105pielowy EFATE\ud83c\udf49\ud83c\udf34\ud83e\udd0d *r.36 *cena:139,- *g\u00f3ra w kolorze koralowym , d\u00f3\u0142-bia\u0142y +wz\u00f3r *posiada wyci\u0105gane wk\u0142adki *wysoki stan *super jako\u015b\u0107 \ud83d\udc4d #butikasia #strojek\u0105pielowe #bikini<\/p>\n","protected":false},"featured_media":3511,"comment_status":"open","ping_status":"closed","template":"","meta":[],"etheme_brands":[],"product_brand":[],"product_cat":[62,63,64,104,60],"product_tag":[],"class_list":{"0":"post-3510","1":"product","2":"type-product","3":"status-publish","4":"has-post-thumbnail","6":"product_cat-dwuczesciowe","7":"product_cat-monokini-i-tankini","8":"product_cat-moda-plazowa","9":"product_cat-nowosci","10":"product_cat-stroje-kapielowe","12":"first","13":"instock","14":"shipping-taxable","15":"purchasable","16":"product-type-simple"},"_links":{"self":[{"href":"https:\/\/butikasia.pl\/index.php?rest_route=\/wp\/v2\/product\/3510","targetHints":{"allow":["GET"]}}],"collection":[{"href":"https:\/\/butikasia.pl\/index.php?rest_route=\/wp\/v2\/product"}],"about":[{"href":"https:\/\/butikasia.pl\/index.php?rest_route=\/wp\/v2\/types\/product"}],"replies":[{"embeddable":true,"href":"https:\/\/butikasia.pl\/index.php?rest_route=%2Fwp%2Fv2%2Fcomments&post=3510"}],"version-history":[{"count":1,"href":"https:\/\/butikasia.pl\/index.php?rest_route=\/wp\/v2\/product\/3510\/revisions"}],"predecessor-version":[{"id":3512,"href":"https:\/\/butikasia.pl\/index.php?rest_route=\/wp\/v2\/product\/3510\/revisions\/3512"}],"wp:featuredmedia":[{"embeddable":true,"href":"https:\/\/butikasia.pl\/index.php?rest_route=\/wp\/v2\/media\/3511"}],"wp:attachment":[{"href":"https:\/\/butikasia.pl\/index.php?rest_route=%2Fwp%2Fv2%2Fmedia&parent=3510"}],"wp:term":[{"taxonomy":"brand","embeddable":true,"href":"https:\/\/butikasia.pl\/index.php?rest_route=%2Fwp%2Fv2%2Fetheme_brands&post=3510"},{"taxonomy":"product_brand","embeddable":true,"href":"https:\/\/butikasia.pl\/index.php?rest_route=%2Fwp%2Fv2%2Fproduct_brand&post=3510"},{"taxonomy":"product_cat","embeddable":true,"href":"https:\/\/butikasia.pl\/index.php?rest_route=%2Fwp%2Fv2%2Fproduct_cat&post=3510"},{"taxonomy":"product_tag","embeddable":true,"href":"https:\/\/butikasia.pl\/index.php?rest_route=%2Fwp%2Fv2%2Fproduct_tag&post=3510"}],"curies":[{"name":"wp","href":"https:\/\/api.w.org\/{rel}","templated":true}]}}