{"id":3531,"date":"2026-03-03T12:36:10","date_gmt":"2026-03-03T11:36:10","guid":{"rendered":"https:\/\/butikasia.pl\/?post_type=product&#038;p=3531"},"modified":"2026-03-03T12:36:10","modified_gmt":"2026-03-03T11:36:10","slug":"stroj-kapielowy-nika-dwuczesciowy-34-36-czarny","status":"publish","type":"product","link":"https:\/\/butikasia.pl\/?product=stroj-kapielowy-nika-dwuczesciowy-34-36-czarny","title":{"rendered":"Str\u00f3j k\u0105pielowy NIKA dwucz\u0119\u015bciowy 34\/36 czarny"},"content":{"rendered":"<p>\ud83c\udf35\ud83c\udf38\ud83c\udff5\ufe0f Str\u00f3j k\u0105pielowy NIKA\ud83c\udf38\ud83c\udff5\ufe0f\ud83c\udf35*r.36-pasuje na 34 oraz 36<\/p>\n<p>*cena:149,-<\/p>\n<p>*kolor:czarny<\/p>\n<p>#bikini #lato #urlop #strojek\u0105pielowe<\/p>\n","protected":false},"excerpt":{"rendered":"<p>\ud83c\udf35\ud83c\udf38\ud83c\udff5\ufe0f Str\u00f3j k\u0105pielowy NIKA\ud83c\udf38\ud83c\udff5\ufe0f\ud83c\udf35*r.36-pasuje na 34 oraz 36 *cena:149,- *kolor:czarny #bikini #lato #urlop #strojek\u0105pielowe<\/p>\n","protected":false},"featured_media":3532,"comment_status":"open","ping_status":"closed","template":"","meta":[],"etheme_brands":[],"product_brand":[],"product_cat":[62,64,104,60,106],"product_tag":[],"class_list":{"0":"post-3531","1":"product","2":"type-product","3":"status-publish","4":"has-post-thumbnail","6":"product_cat-dwuczesciowe","7":"product_cat-moda-plazowa","8":"product_cat-nowosci","9":"product_cat-stroje-kapielowe","10":"product_cat-wyprzedaz","12":"first","13":"instock","14":"sale","15":"shipping-taxable","16":"purchasable","17":"product-type-simple"},"_links":{"self":[{"href":"https:\/\/butikasia.pl\/index.php?rest_route=\/wp\/v2\/product\/3531","targetHints":{"allow":["GET"]}}],"collection":[{"href":"https:\/\/butikasia.pl\/index.php?rest_route=\/wp\/v2\/product"}],"about":[{"href":"https:\/\/butikasia.pl\/index.php?rest_route=\/wp\/v2\/types\/product"}],"replies":[{"embeddable":true,"href":"https:\/\/butikasia.pl\/index.php?rest_route=%2Fwp%2Fv2%2Fcomments&post=3531"}],"version-history":[{"count":1,"href":"https:\/\/butikasia.pl\/index.php?rest_route=\/wp\/v2\/product\/3531\/revisions"}],"predecessor-version":[{"id":3533,"href":"https:\/\/butikasia.pl\/index.php?rest_route=\/wp\/v2\/product\/3531\/revisions\/3533"}],"wp:featuredmedia":[{"embeddable":true,"href":"https:\/\/butikasia.pl\/index.php?rest_route=\/wp\/v2\/media\/3532"}],"wp:attachment":[{"href":"https:\/\/butikasia.pl\/index.php?rest_route=%2Fwp%2Fv2%2Fmedia&parent=3531"}],"wp:term":[{"taxonomy":"brand","embeddable":true,"href":"https:\/\/butikasia.pl\/index.php?rest_route=%2Fwp%2Fv2%2Fetheme_brands&post=3531"},{"taxonomy":"product_brand","embeddable":true,"href":"https:\/\/butikasia.pl\/index.php?rest_route=%2Fwp%2Fv2%2Fproduct_brand&post=3531"},{"taxonomy":"product_cat","embeddable":true,"href":"https:\/\/butikasia.pl\/index.php?rest_route=%2Fwp%2Fv2%2Fproduct_cat&post=3531"},{"taxonomy":"product_tag","embeddable":true,"href":"https:\/\/butikasia.pl\/index.php?rest_route=%2Fwp%2Fv2%2Fproduct_tag&post=3531"}],"curies":[{"name":"wp","href":"https:\/\/api.w.org\/{rel}","templated":true}]}}