{"id":3542,"date":"2026-03-03T13:38:00","date_gmt":"2026-03-03T12:38:00","guid":{"rendered":"https:\/\/butikasia.pl\/?post_type=product&#038;p=3542"},"modified":"2026-03-03T13:38:00","modified_gmt":"2026-03-03T12:38:00","slug":"stroj-kapielowy-jednoczesciowy-40-l-kolorowy-wzory-vacai","status":"publish","type":"product","link":"https:\/\/butikasia.pl\/?product=stroj-kapielowy-jednoczesciowy-40-l-kolorowy-wzory-vacai","title":{"rendered":"Str\u00f3j k\u0105pielowy jednocz\u0119\u015bciowy 40\/L kolorowy wzory VACAI"},"content":{"rendered":"<p>\ud83c\udf53\ud83c\udf34\ud83c\udf34 Str\u00f3j k\u0105pielowy VACAI\ud83c\udf34\ud83c\udf34\ud83c\udf53<\/p>\n<p>*r.40<\/p>\n<p>*cena:139,-<\/p>\n<p>*ca\u0142y w pi\u0119kny,kwiatowy wz\u00f3r<\/p>\n<p>*pi\u0119knie eksponuje plecy oraz biust<\/p>\n<blockquote><p>#butikasia #str\u00f3jk\u0105pielowy #urlop #wakacje<\/p><\/blockquote>\n","protected":false},"excerpt":{"rendered":"<p>\ud83c\udf53\ud83c\udf34\ud83c\udf34 Str\u00f3j k\u0105pielowy VACAI\ud83c\udf34\ud83c\udf34\ud83c\udf53 *r.40 *cena:139,- *ca\u0142y w pi\u0119kny,kwiatowy wz\u00f3r *pi\u0119knie eksponuje plecy oraz biust #butikasia #str\u00f3jk\u0105pielowy #urlop #wakacje<\/p>\n","protected":false},"featured_media":3543,"comment_status":"open","ping_status":"closed","template":"","meta":[],"etheme_brands":[],"product_brand":[],"product_cat":[61,64,104,60,106],"product_tag":[],"class_list":{"0":"post-3542","1":"product","2":"type-product","3":"status-publish","4":"has-post-thumbnail","6":"product_cat-jednoczesciowe","7":"product_cat-moda-plazowa","8":"product_cat-nowosci","9":"product_cat-stroje-kapielowe","10":"product_cat-wyprzedaz","12":"first","13":"instock","14":"sale","15":"shipping-taxable","16":"purchasable","17":"product-type-simple"},"_links":{"self":[{"href":"https:\/\/butikasia.pl\/index.php?rest_route=\/wp\/v2\/product\/3542","targetHints":{"allow":["GET"]}}],"collection":[{"href":"https:\/\/butikasia.pl\/index.php?rest_route=\/wp\/v2\/product"}],"about":[{"href":"https:\/\/butikasia.pl\/index.php?rest_route=\/wp\/v2\/types\/product"}],"replies":[{"embeddable":true,"href":"https:\/\/butikasia.pl\/index.php?rest_route=%2Fwp%2Fv2%2Fcomments&post=3542"}],"version-history":[{"count":1,"href":"https:\/\/butikasia.pl\/index.php?rest_route=\/wp\/v2\/product\/3542\/revisions"}],"predecessor-version":[{"id":3547,"href":"https:\/\/butikasia.pl\/index.php?rest_route=\/wp\/v2\/product\/3542\/revisions\/3547"}],"wp:featuredmedia":[{"embeddable":true,"href":"https:\/\/butikasia.pl\/index.php?rest_route=\/wp\/v2\/media\/3543"}],"wp:attachment":[{"href":"https:\/\/butikasia.pl\/index.php?rest_route=%2Fwp%2Fv2%2Fmedia&parent=3542"}],"wp:term":[{"taxonomy":"brand","embeddable":true,"href":"https:\/\/butikasia.pl\/index.php?rest_route=%2Fwp%2Fv2%2Fetheme_brands&post=3542"},{"taxonomy":"product_brand","embeddable":true,"href":"https:\/\/butikasia.pl\/index.php?rest_route=%2Fwp%2Fv2%2Fproduct_brand&post=3542"},{"taxonomy":"product_cat","embeddable":true,"href":"https:\/\/butikasia.pl\/index.php?rest_route=%2Fwp%2Fv2%2Fproduct_cat&post=3542"},{"taxonomy":"product_tag","embeddable":true,"href":"https:\/\/butikasia.pl\/index.php?rest_route=%2Fwp%2Fv2%2Fproduct_tag&post=3542"}],"curies":[{"name":"wp","href":"https:\/\/api.w.org\/{rel}","templated":true}]}}