{"id":3556,"date":"2026-03-03T13:47:05","date_gmt":"2026-03-03T12:47:05","guid":{"rendered":"https:\/\/butikasia.pl\/?post_type=product&#038;p=3556"},"modified":"2026-03-03T13:47:05","modified_gmt":"2026-03-03T12:47:05","slug":"stroj-kapielowy-czerwony-dwuczesciowy-38-40","status":"publish","type":"product","link":"https:\/\/butikasia.pl\/?product=stroj-kapielowy-czerwony-dwuczesciowy-38-40","title":{"rendered":"Str\u00f3j k\u0105pielowy czerwony dwucz\u0119\u015bciowy 38\/40"},"content":{"rendered":"<p>\u2764\ufe0f\ud83c\udf49\u2600\ufe0fStr\u00f3j k\u0105pielowy ANDIKITIRA\u2764\ufe0f\ud83c\udf49\u2600\ufe0f<\/p>\n<blockquote><p>*r.40-pasuje na 38\/40<\/p><\/blockquote>\n<p>*cena:119,-<\/p>\n<p>*kolor czerwony :w\u0119\u017cowy wzorek w kolorze czarnym<\/p>\n<p>#butikasia #strojek\u0105pielowe<\/p>\n","protected":false},"excerpt":{"rendered":"<p>\u2764\ufe0f\ud83c\udf49\u2600\ufe0fStr\u00f3j k\u0105pielowy ANDIKITIRA\u2764\ufe0f\ud83c\udf49\u2600\ufe0f *r.40-pasuje na 38\/40 *cena:119,- *kolor czerwony :w\u0119\u017cowy wzorek w kolorze czarnym #butikasia #strojek\u0105pielowe<\/p>\n","protected":false},"featured_media":3557,"comment_status":"open","ping_status":"closed","template":"","meta":[],"etheme_brands":[],"product_brand":[],"product_cat":[62,64,104,60,106],"product_tag":[],"class_list":{"0":"post-3556","1":"product","2":"type-product","3":"status-publish","4":"has-post-thumbnail","6":"product_cat-dwuczesciowe","7":"product_cat-moda-plazowa","8":"product_cat-nowosci","9":"product_cat-stroje-kapielowe","10":"product_cat-wyprzedaz","12":"first","13":"instock","14":"sale","15":"shipping-taxable","16":"purchasable","17":"product-type-simple"},"_links":{"self":[{"href":"https:\/\/butikasia.pl\/index.php?rest_route=\/wp\/v2\/product\/3556","targetHints":{"allow":["GET"]}}],"collection":[{"href":"https:\/\/butikasia.pl\/index.php?rest_route=\/wp\/v2\/product"}],"about":[{"href":"https:\/\/butikasia.pl\/index.php?rest_route=\/wp\/v2\/types\/product"}],"replies":[{"embeddable":true,"href":"https:\/\/butikasia.pl\/index.php?rest_route=%2Fwp%2Fv2%2Fcomments&post=3556"}],"version-history":[{"count":1,"href":"https:\/\/butikasia.pl\/index.php?rest_route=\/wp\/v2\/product\/3556\/revisions"}],"predecessor-version":[{"id":3558,"href":"https:\/\/butikasia.pl\/index.php?rest_route=\/wp\/v2\/product\/3556\/revisions\/3558"}],"wp:featuredmedia":[{"embeddable":true,"href":"https:\/\/butikasia.pl\/index.php?rest_route=\/wp\/v2\/media\/3557"}],"wp:attachment":[{"href":"https:\/\/butikasia.pl\/index.php?rest_route=%2Fwp%2Fv2%2Fmedia&parent=3556"}],"wp:term":[{"taxonomy":"brand","embeddable":true,"href":"https:\/\/butikasia.pl\/index.php?rest_route=%2Fwp%2Fv2%2Fetheme_brands&post=3556"},{"taxonomy":"product_brand","embeddable":true,"href":"https:\/\/butikasia.pl\/index.php?rest_route=%2Fwp%2Fv2%2Fproduct_brand&post=3556"},{"taxonomy":"product_cat","embeddable":true,"href":"https:\/\/butikasia.pl\/index.php?rest_route=%2Fwp%2Fv2%2Fproduct_cat&post=3556"},{"taxonomy":"product_tag","embeddable":true,"href":"https:\/\/butikasia.pl\/index.php?rest_route=%2Fwp%2Fv2%2Fproduct_tag&post=3556"}],"curies":[{"name":"wp","href":"https:\/\/api.w.org\/{rel}","templated":true}]}}