{"id":3559,"date":"2026-03-03T14:07:37","date_gmt":"2026-03-03T13:07:37","guid":{"rendered":"https:\/\/butikasia.pl\/?post_type=product&#038;p=3559"},"modified":"2026-03-03T14:07:37","modified_gmt":"2026-03-03T13:07:37","slug":"stroj-kapielowy-dwuczesciowy-34","status":"publish","type":"product","link":"https:\/\/butikasia.pl\/?product=stroj-kapielowy-dwuczesciowy-34","title":{"rendered":"Str\u00f3j k\u0105pielowy dwucz\u0119\u015bciowy 34"},"content":{"rendered":"<p>\ud83d\udc99\ud83c\udf4d\ud83c\udf34Str\u00f3j k\u0105pielowy LAUCALA\ud83c\udf34\ud83c\udf4d\ud83d\udc99<\/p>\n<p>*r.36 -pasuje na 34<\/p>\n<p>*cena:129,-<\/p>\n<p>*kolor:niebieski+wz\u00f3r+wstawki a\u017curowe<\/p>\n<p>*posiada wyci\u0105gane wk\u0142adki<\/p>\n<p>*wysoka jako\u015b\u0107 wykonania<\/p>\n<p>#butikasia #str\u00f3jk\u0105pielowy #bikini<\/p>\n","protected":false},"excerpt":{"rendered":"<p>\ud83d\udc99\ud83c\udf4d\ud83c\udf34Str\u00f3j k\u0105pielowy LAUCALA\ud83c\udf34\ud83c\udf4d\ud83d\udc99 *r.36 -pasuje na 34 *cena:129,- *kolor:niebieski+wz\u00f3r+wstawki a\u017curowe *posiada wyci\u0105gane wk\u0142adki *wysoka jako\u015b\u0107 wykonania #butikasia #str\u00f3jk\u0105pielowy #bikini<\/p>\n","protected":false},"featured_media":3560,"comment_status":"open","ping_status":"closed","template":"","meta":[],"etheme_brands":[],"product_brand":[],"product_cat":[62,64,104,60],"product_tag":[],"class_list":{"0":"post-3559","1":"product","2":"type-product","3":"status-publish","4":"has-post-thumbnail","6":"product_cat-dwuczesciowe","7":"product_cat-moda-plazowa","8":"product_cat-nowosci","9":"product_cat-stroje-kapielowe","11":"first","12":"instock","13":"shipping-taxable","14":"purchasable","15":"product-type-simple"},"_links":{"self":[{"href":"https:\/\/butikasia.pl\/index.php?rest_route=\/wp\/v2\/product\/3559","targetHints":{"allow":["GET"]}}],"collection":[{"href":"https:\/\/butikasia.pl\/index.php?rest_route=\/wp\/v2\/product"}],"about":[{"href":"https:\/\/butikasia.pl\/index.php?rest_route=\/wp\/v2\/types\/product"}],"replies":[{"embeddable":true,"href":"https:\/\/butikasia.pl\/index.php?rest_route=%2Fwp%2Fv2%2Fcomments&post=3559"}],"version-history":[{"count":1,"href":"https:\/\/butikasia.pl\/index.php?rest_route=\/wp\/v2\/product\/3559\/revisions"}],"predecessor-version":[{"id":3561,"href":"https:\/\/butikasia.pl\/index.php?rest_route=\/wp\/v2\/product\/3559\/revisions\/3561"}],"wp:featuredmedia":[{"embeddable":true,"href":"https:\/\/butikasia.pl\/index.php?rest_route=\/wp\/v2\/media\/3560"}],"wp:attachment":[{"href":"https:\/\/butikasia.pl\/index.php?rest_route=%2Fwp%2Fv2%2Fmedia&parent=3559"}],"wp:term":[{"taxonomy":"brand","embeddable":true,"href":"https:\/\/butikasia.pl\/index.php?rest_route=%2Fwp%2Fv2%2Fetheme_brands&post=3559"},{"taxonomy":"product_brand","embeddable":true,"href":"https:\/\/butikasia.pl\/index.php?rest_route=%2Fwp%2Fv2%2Fproduct_brand&post=3559"},{"taxonomy":"product_cat","embeddable":true,"href":"https:\/\/butikasia.pl\/index.php?rest_route=%2Fwp%2Fv2%2Fproduct_cat&post=3559"},{"taxonomy":"product_tag","embeddable":true,"href":"https:\/\/butikasia.pl\/index.php?rest_route=%2Fwp%2Fv2%2Fproduct_tag&post=3559"}],"curies":[{"name":"wp","href":"https:\/\/api.w.org\/{rel}","templated":true}]}}