{"id":3563,"date":"2026-03-03T14:50:46","date_gmt":"2026-03-03T13:50:46","guid":{"rendered":"https:\/\/butikasia.pl\/?post_type=product&#038;p=3563"},"modified":"2026-03-03T14:50:46","modified_gmt":"2026-03-03T13:50:46","slug":"stroj-kapielowy-jednoczesciowy-48-4xl-50-5xl-granatowy-kwiatki","status":"publish","type":"product","link":"https:\/\/butikasia.pl\/?product=stroj-kapielowy-jednoczesciowy-48-4xl-50-5xl-granatowy-kwiatki","title":{"rendered":"Str\u00f3j k\u0105pielowy jednocz\u0119\u015bciowy 48\/4XL 50\/5XL granatowy kwiatki"},"content":{"rendered":"<p>\ud83e\udd65\ud83c\udf34\ud83c\udf49Str\u00f3j k\u0105pielowy ELAFONISOS \ud83e\udd65\ud83c\udf34\ud83c\udf49<\/p>\n<p>*r.48-pasuje na 48 oraz 50<\/p>\n<p>*cena:189,-<\/p>\n<p>*kolor :granatowy +kwiatowy print<\/p>\n<p>*posiada maskuj\u0105c\u0105 falbank\u0119<\/p>\n<p>*Jako\u015b\u0107 PREMIUM<\/p>\n<p>#butikasia #strojek\u0105pielowe #str\u00f3jjednicz\u0119\u015bciowy #modaplussize #plussize<\/p>\n","protected":false},"excerpt":{"rendered":"<p>\ud83e\udd65\ud83c\udf34\ud83c\udf49Str\u00f3j k\u0105pielowy ELAFONISOS \ud83e\udd65\ud83c\udf34\ud83c\udf49 *r.48-pasuje na 48 oraz 50 *cena:189,- *kolor :granatowy +kwiatowy print *posiada maskuj\u0105c\u0105 falbank\u0119 *Jako\u015b\u0107 PREMIUM #butikasia #strojek\u0105pielowe #str\u00f3jjednicz\u0119\u015bciowy #modaplussize #plussize<\/p>\n","protected":false},"featured_media":3564,"comment_status":"open","ping_status":"closed","template":"","meta":[],"etheme_brands":[],"product_brand":[],"product_cat":[61,64,108,104,60],"product_tag":[],"class_list":{"0":"post-3563","1":"product","2":"type-product","3":"status-publish","4":"has-post-thumbnail","6":"product_cat-jednoczesciowe","7":"product_cat-moda-plazowa","8":"product_cat-moda-plus-size","9":"product_cat-nowosci","10":"product_cat-stroje-kapielowe","12":"first","13":"instock","14":"shipping-taxable","15":"purchasable","16":"product-type-simple"},"_links":{"self":[{"href":"https:\/\/butikasia.pl\/index.php?rest_route=\/wp\/v2\/product\/3563","targetHints":{"allow":["GET"]}}],"collection":[{"href":"https:\/\/butikasia.pl\/index.php?rest_route=\/wp\/v2\/product"}],"about":[{"href":"https:\/\/butikasia.pl\/index.php?rest_route=\/wp\/v2\/types\/product"}],"replies":[{"embeddable":true,"href":"https:\/\/butikasia.pl\/index.php?rest_route=%2Fwp%2Fv2%2Fcomments&post=3563"}],"version-history":[{"count":1,"href":"https:\/\/butikasia.pl\/index.php?rest_route=\/wp\/v2\/product\/3563\/revisions"}],"predecessor-version":[{"id":3566,"href":"https:\/\/butikasia.pl\/index.php?rest_route=\/wp\/v2\/product\/3563\/revisions\/3566"}],"wp:featuredmedia":[{"embeddable":true,"href":"https:\/\/butikasia.pl\/index.php?rest_route=\/wp\/v2\/media\/3564"}],"wp:attachment":[{"href":"https:\/\/butikasia.pl\/index.php?rest_route=%2Fwp%2Fv2%2Fmedia&parent=3563"}],"wp:term":[{"taxonomy":"brand","embeddable":true,"href":"https:\/\/butikasia.pl\/index.php?rest_route=%2Fwp%2Fv2%2Fetheme_brands&post=3563"},{"taxonomy":"product_brand","embeddable":true,"href":"https:\/\/butikasia.pl\/index.php?rest_route=%2Fwp%2Fv2%2Fproduct_brand&post=3563"},{"taxonomy":"product_cat","embeddable":true,"href":"https:\/\/butikasia.pl\/index.php?rest_route=%2Fwp%2Fv2%2Fproduct_cat&post=3563"},{"taxonomy":"product_tag","embeddable":true,"href":"https:\/\/butikasia.pl\/index.php?rest_route=%2Fwp%2Fv2%2Fproduct_tag&post=3563"}],"curies":[{"name":"wp","href":"https:\/\/api.w.org\/{rel}","templated":true}]}}