{"id":3928,"date":"2026-03-08T22:51:21","date_gmt":"2026-03-08T21:51:21","guid":{"rendered":"https:\/\/butikasia.pl\/?post_type=product&#038;p=3928"},"modified":"2026-03-08T22:51:21","modified_gmt":"2026-03-08T21:51:21","slug":"sukienka-amoura-czarna-36-38-marszczona","status":"publish","type":"product","link":"https:\/\/butikasia.pl\/?product=sukienka-amoura-czarna-36-38-marszczona","title":{"rendered":"Sukienka AMOURA czarna 36\/38 marszczona"},"content":{"rendered":"<p>\ud83d\udda4\u25cfSukienka AMOURA\u25cf\ud83d\udda4<\/p>\n<p>*r.38<\/p>\n<p>(Wypadaj\u0105 o p\u00f3\u0142 rozmiaru mniejsze ni\u017c rozmiar z metki )<\/p>\n<p>*cena:199,-<\/p>\n<p>*kolor:czarny<\/p>\n<p>*posiada marszczenie z przodu i z ty\u0142u<\/p>\n<p>*r\u0119kawki na dole poszerzane<\/p>\n<p>*\u015bwietny materia\u0142<\/p>\n<p>*polski producent<\/p>\n<p>*dost\u0119pne r\u00f3wnie\u017c inne kolory<\/p>\n<p>#butikasia #sukienki #sukienkiczarne #sukienkimarszczone<\/p>\n","protected":false},"excerpt":{"rendered":"<p>\ud83d\udda4\u25cfSukienka AMOURA\u25cf\ud83d\udda4 *r.38 (Wypadaj\u0105 o p\u00f3\u0142 rozmiaru mniejsze ni\u017c rozmiar z metki ) *cena:199,- *kolor:czarny *posiada marszczenie z przodu i z ty\u0142u *r\u0119kawki na dole&#8230;<\/p>\n","protected":false},"featured_media":3929,"comment_status":"open","ping_status":"closed","template":"","meta":[],"etheme_brands":[],"product_brand":[],"product_cat":[115,116,112,104,107,109],"product_tag":[],"class_list":{"0":"post-3928","1":"product","2":"type-product","3":"status-publish","4":"has-post-thumbnail","6":"product_cat-sukienki-codzienne","7":"product_cat-sukienki-dopasowane","8":"product_cat-sukienki-krotkie","9":"product_cat-nowosci","10":"product_cat-polscy-producenci","11":"product_cat-sukienki","13":"first","14":"instock","15":"shipping-taxable","16":"purchasable","17":"product-type-simple"},"_links":{"self":[{"href":"https:\/\/butikasia.pl\/index.php?rest_route=\/wp\/v2\/product\/3928","targetHints":{"allow":["GET"]}}],"collection":[{"href":"https:\/\/butikasia.pl\/index.php?rest_route=\/wp\/v2\/product"}],"about":[{"href":"https:\/\/butikasia.pl\/index.php?rest_route=\/wp\/v2\/types\/product"}],"replies":[{"embeddable":true,"href":"https:\/\/butikasia.pl\/index.php?rest_route=%2Fwp%2Fv2%2Fcomments&post=3928"}],"version-history":[{"count":1,"href":"https:\/\/butikasia.pl\/index.php?rest_route=\/wp\/v2\/product\/3928\/revisions"}],"predecessor-version":[{"id":3931,"href":"https:\/\/butikasia.pl\/index.php?rest_route=\/wp\/v2\/product\/3928\/revisions\/3931"}],"wp:featuredmedia":[{"embeddable":true,"href":"https:\/\/butikasia.pl\/index.php?rest_route=\/wp\/v2\/media\/3929"}],"wp:attachment":[{"href":"https:\/\/butikasia.pl\/index.php?rest_route=%2Fwp%2Fv2%2Fmedia&parent=3928"}],"wp:term":[{"taxonomy":"brand","embeddable":true,"href":"https:\/\/butikasia.pl\/index.php?rest_route=%2Fwp%2Fv2%2Fetheme_brands&post=3928"},{"taxonomy":"product_brand","embeddable":true,"href":"https:\/\/butikasia.pl\/index.php?rest_route=%2Fwp%2Fv2%2Fproduct_brand&post=3928"},{"taxonomy":"product_cat","embeddable":true,"href":"https:\/\/butikasia.pl\/index.php?rest_route=%2Fwp%2Fv2%2Fproduct_cat&post=3928"},{"taxonomy":"product_tag","embeddable":true,"href":"https:\/\/butikasia.pl\/index.php?rest_route=%2Fwp%2Fv2%2Fproduct_tag&post=3928"}],"curies":[{"name":"wp","href":"https:\/\/api.w.org\/{rel}","templated":true}]}}