{"id":3956,"date":"2026-03-09T20:27:22","date_gmt":"2026-03-09T19:27:22","guid":{"rendered":"https:\/\/butikasia.pl\/?post_type=product&#038;p=3956"},"modified":"2026-03-09T20:27:22","modified_gmt":"2026-03-09T19:27:22","slug":"bluza-polarowa-nalili-cappuccino-polar-36-38-40-42-44","status":"publish","type":"product","link":"https:\/\/butikasia.pl\/?product=bluza-polarowa-nalili-cappuccino-polar-36-38-40-42-44","title":{"rendered":"Bluza polarowa NALILI cappuccino polar 36 38 40 42 44"},"content":{"rendered":"<p>\ud83e\udd0e\ud83e\udd0eBluza polarowa NALILI\ud83e\udd0e\ud83e\udd0e<\/p>\n<p>*r.S\/M-pasuje na 36,38,40<\/p>\n<p>*M\/L-pasuje na 40,42,44<\/p>\n<p>*cena:199,-<\/p>\n<p>*kolor:camel<\/p>\n<p>*zapinany u g\u00f3ry na zamek<\/p>\n<p>*posiada dwie kieszenie<\/p>\n<p>*dost\u0119pne r\u00f3wnie\u017c inne kolory<\/p>\n<p>#bluzapolarowa #bluza #polar #nowo\u015b\u0107<\/p>\n","protected":false},"excerpt":{"rendered":"<p>\ud83e\udd0e\ud83e\udd0eBluza polarowa NALILI\ud83e\udd0e\ud83e\udd0e *r.S\/M-pasuje na 36,38,40 *M\/L-pasuje na 40,42,44 *cena:199,- *kolor:camel *zapinany u g\u00f3ry na zamek *posiada dwie kieszenie *dost\u0119pne r\u00f3wnie\u017c inne kolory #bluzapolarowa #bluza&#8230;<\/p>\n","protected":false},"featured_media":3951,"comment_status":"open","ping_status":"closed","template":"","meta":[],"etheme_brands":[],"product_brand":[],"product_cat":[90,58,108,104],"product_tag":[],"class_list":{"0":"post-3956","1":"product","2":"type-product","3":"status-publish","4":"has-post-thumbnail","6":"product_cat-kolekcja-wiosenna","7":"product_cat-bluzy","8":"product_cat-moda-plus-size","9":"product_cat-nowosci","11":"first","12":"instock","13":"shipping-taxable","14":"purchasable","15":"product-type-variable"},"_links":{"self":[{"href":"https:\/\/butikasia.pl\/index.php?rest_route=\/wp\/v2\/product\/3956","targetHints":{"allow":["GET"]}}],"collection":[{"href":"https:\/\/butikasia.pl\/index.php?rest_route=\/wp\/v2\/product"}],"about":[{"href":"https:\/\/butikasia.pl\/index.php?rest_route=\/wp\/v2\/types\/product"}],"replies":[{"embeddable":true,"href":"https:\/\/butikasia.pl\/index.php?rest_route=%2Fwp%2Fv2%2Fcomments&post=3956"}],"version-history":[{"count":1,"href":"https:\/\/butikasia.pl\/index.php?rest_route=\/wp\/v2\/product\/3956\/revisions"}],"predecessor-version":[{"id":3959,"href":"https:\/\/butikasia.pl\/index.php?rest_route=\/wp\/v2\/product\/3956\/revisions\/3959"}],"wp:featuredmedia":[{"embeddable":true,"href":"https:\/\/butikasia.pl\/index.php?rest_route=\/wp\/v2\/media\/3951"}],"wp:attachment":[{"href":"https:\/\/butikasia.pl\/index.php?rest_route=%2Fwp%2Fv2%2Fmedia&parent=3956"}],"wp:term":[{"taxonomy":"brand","embeddable":true,"href":"https:\/\/butikasia.pl\/index.php?rest_route=%2Fwp%2Fv2%2Fetheme_brands&post=3956"},{"taxonomy":"product_brand","embeddable":true,"href":"https:\/\/butikasia.pl\/index.php?rest_route=%2Fwp%2Fv2%2Fproduct_brand&post=3956"},{"taxonomy":"product_cat","embeddable":true,"href":"https:\/\/butikasia.pl\/index.php?rest_route=%2Fwp%2Fv2%2Fproduct_cat&post=3956"},{"taxonomy":"product_tag","embeddable":true,"href":"https:\/\/butikasia.pl\/index.php?rest_route=%2Fwp%2Fv2%2Fproduct_tag&post=3956"}],"curies":[{"name":"wp","href":"https:\/\/api.w.org\/{rel}","templated":true}]}}