{"id":3960,"date":"2026-03-09T20:31:16","date_gmt":"2026-03-09T19:31:16","guid":{"rendered":"https:\/\/butikasia.pl\/?post_type=product&#038;p=3960"},"modified":"2026-03-09T20:33:52","modified_gmt":"2026-03-09T19:33:52","slug":"bluza-polarowa-nalili-polar-bezowa-36-38-40-42-44","status":"publish","type":"product","link":"https:\/\/butikasia.pl\/?product=bluza-polarowa-nalili-polar-bezowa-36-38-40-42-44","title":{"rendered":"Bluza polarowa NALILI polar be\u017cowa 40 42 44"},"content":{"rendered":"<p>\ud83e\udd0e\ud83d\udc9bBluza polarowa NALILI\ud83d\udc9b\ud83e\udd0e<\/p>\n<p>*M\/L-pasuje na 40,42,44<\/p>\n<p>*cena:199,-<\/p>\n<p>*kolor:jasnobe\u017cowy<\/p>\n<p>*zapinany u g\u00f3ry na zamek<\/p>\n<p>*posiada dwie kieszenie<\/p>\n<p>*dost\u0119pne r\u00f3wnie\u017c inne kolory<\/p>\n<p>#bluzapolarowa #bluza #polar #nowo\u015b\u0107<\/p>\n","protected":false},"excerpt":{"rendered":"<p>\ud83e\udd0e\ud83d\udc9bBluza polarowa NALILI\ud83d\udc9b\ud83e\udd0e *M\/L-pasuje na 40,42,44 *cena:199,- *kolor:jasnobe\u017cowy *zapinany u g\u00f3ry na zamek *posiada dwie kieszenie *dost\u0119pne r\u00f3wnie\u017c inne kolory #bluzapolarowa #bluza #polar #nowo\u015b\u0107<\/p>\n","protected":false},"featured_media":3949,"comment_status":"open","ping_status":"closed","template":"","meta":[],"etheme_brands":[],"product_brand":[],"product_cat":[90,58,104],"product_tag":[],"class_list":{"0":"post-3960","1":"product","2":"type-product","3":"status-publish","4":"has-post-thumbnail","6":"product_cat-kolekcja-wiosenna","7":"product_cat-bluzy","8":"product_cat-nowosci","10":"first","11":"instock","12":"shipping-taxable","13":"purchasable","14":"product-type-simple"},"_links":{"self":[{"href":"https:\/\/butikasia.pl\/index.php?rest_route=\/wp\/v2\/product\/3960","targetHints":{"allow":["GET"]}}],"collection":[{"href":"https:\/\/butikasia.pl\/index.php?rest_route=\/wp\/v2\/product"}],"about":[{"href":"https:\/\/butikasia.pl\/index.php?rest_route=\/wp\/v2\/types\/product"}],"replies":[{"embeddable":true,"href":"https:\/\/butikasia.pl\/index.php?rest_route=%2Fwp%2Fv2%2Fcomments&post=3960"}],"version-history":[{"count":2,"href":"https:\/\/butikasia.pl\/index.php?rest_route=\/wp\/v2\/product\/3960\/revisions"}],"predecessor-version":[{"id":3962,"href":"https:\/\/butikasia.pl\/index.php?rest_route=\/wp\/v2\/product\/3960\/revisions\/3962"}],"wp:featuredmedia":[{"embeddable":true,"href":"https:\/\/butikasia.pl\/index.php?rest_route=\/wp\/v2\/media\/3949"}],"wp:attachment":[{"href":"https:\/\/butikasia.pl\/index.php?rest_route=%2Fwp%2Fv2%2Fmedia&parent=3960"}],"wp:term":[{"taxonomy":"brand","embeddable":true,"href":"https:\/\/butikasia.pl\/index.php?rest_route=%2Fwp%2Fv2%2Fetheme_brands&post=3960"},{"taxonomy":"product_brand","embeddable":true,"href":"https:\/\/butikasia.pl\/index.php?rest_route=%2Fwp%2Fv2%2Fproduct_brand&post=3960"},{"taxonomy":"product_cat","embeddable":true,"href":"https:\/\/butikasia.pl\/index.php?rest_route=%2Fwp%2Fv2%2Fproduct_cat&post=3960"},{"taxonomy":"product_tag","embeddable":true,"href":"https:\/\/butikasia.pl\/index.php?rest_route=%2Fwp%2Fv2%2Fproduct_tag&post=3960"}],"curies":[{"name":"wp","href":"https:\/\/api.w.org\/{rel}","templated":true}]}}