{"id":4006,"date":"2026-03-16T21:23:43","date_gmt":"2026-03-16T20:23:43","guid":{"rendered":"https:\/\/butikasia.pl\/?post_type=product&#038;p=4006"},"modified":"2026-03-16T21:26:07","modified_gmt":"2026-03-16T20:26:07","slug":"kombinezon-angel-34-xs-bezowy","status":"publish","type":"product","link":"https:\/\/butikasia.pl\/?product=kombinezon-angel-34-xs-bezowy","title":{"rendered":"Kombinezon ANGEL 34\/XS be\u017cowy"},"content":{"rendered":"<p>\u2728\u2728\ufe0fKombinezon ANGEL\u2728\ufe0f\u2728\ufe0f<\/p>\n<p>*34<\/p>\n<p>*cena:299,-<\/p>\n<p>*kolor:jasnobe\u017cowy<\/p>\n<p>*posiada dwie kieszenie<\/p>\n<p>*z ty\u0142u zapinany na zamek<\/p>\n<p>*polski producent<\/p>\n<p>*dost\u0119pne r\u00f3wnie\u017c inne kolory w rozmiarach od 34 do 40<\/p>\n<p>#butikasia #kombinezon #kombinezonbe\u017cowy<\/p>\n","protected":false},"excerpt":{"rendered":"<p>\u2728\u2728\ufe0fKombinezon ANGEL\u2728\ufe0f\u2728\ufe0f *34 *cena:299,- *kolor:jasnobe\u017cowy *posiada dwie kieszenie *z ty\u0142u zapinany na zamek *polski producent *dost\u0119pne r\u00f3wnie\u017c inne kolory w rozmiarach od 34 do 40&#8230;<\/p>\n","protected":false},"featured_media":4007,"comment_status":"closed","ping_status":"closed","template":"","meta":[],"etheme_brands":[],"product_brand":[],"product_cat":[90,158,47,104,107],"product_tag":[],"class_list":{"0":"post-4006","1":"product","2":"type-product","3":"status-publish","4":"has-post-thumbnail","6":"product_cat-kolekcja-wiosenna","7":"product_cat-komunia-2026","8":"product_cat-kombinezony","9":"product_cat-nowosci","10":"product_cat-polscy-producenci","12":"first","13":"instock","14":"shipping-taxable","15":"purchasable","16":"product-type-simple"},"_links":{"self":[{"href":"https:\/\/butikasia.pl\/index.php?rest_route=\/wp\/v2\/product\/4006","targetHints":{"allow":["GET"]}}],"collection":[{"href":"https:\/\/butikasia.pl\/index.php?rest_route=\/wp\/v2\/product"}],"about":[{"href":"https:\/\/butikasia.pl\/index.php?rest_route=\/wp\/v2\/types\/product"}],"replies":[{"embeddable":true,"href":"https:\/\/butikasia.pl\/index.php?rest_route=%2Fwp%2Fv2%2Fcomments&post=4006"}],"version-history":[{"count":2,"href":"https:\/\/butikasia.pl\/index.php?rest_route=\/wp\/v2\/product\/4006\/revisions"}],"predecessor-version":[{"id":4012,"href":"https:\/\/butikasia.pl\/index.php?rest_route=\/wp\/v2\/product\/4006\/revisions\/4012"}],"wp:featuredmedia":[{"embeddable":true,"href":"https:\/\/butikasia.pl\/index.php?rest_route=\/wp\/v2\/media\/4007"}],"wp:attachment":[{"href":"https:\/\/butikasia.pl\/index.php?rest_route=%2Fwp%2Fv2%2Fmedia&parent=4006"}],"wp:term":[{"taxonomy":"brand","embeddable":true,"href":"https:\/\/butikasia.pl\/index.php?rest_route=%2Fwp%2Fv2%2Fetheme_brands&post=4006"},{"taxonomy":"product_brand","embeddable":true,"href":"https:\/\/butikasia.pl\/index.php?rest_route=%2Fwp%2Fv2%2Fproduct_brand&post=4006"},{"taxonomy":"product_cat","embeddable":true,"href":"https:\/\/butikasia.pl\/index.php?rest_route=%2Fwp%2Fv2%2Fproduct_cat&post=4006"},{"taxonomy":"product_tag","embeddable":true,"href":"https:\/\/butikasia.pl\/index.php?rest_route=%2Fwp%2Fv2%2Fproduct_tag&post=4006"}],"curies":[{"name":"wp","href":"https:\/\/api.w.org\/{rel}","templated":true}]}}