{"id":4015,"date":"2026-03-16T22:08:32","date_gmt":"2026-03-16T21:08:32","guid":{"rendered":"https:\/\/butikasia.pl\/?post_type=product&#038;p=4015"},"modified":"2026-03-16T22:09:56","modified_gmt":"2026-03-16T21:09:56","slug":"kombinezon-zolty-angel-pastelowy-36-s-spodnium","status":"publish","type":"product","link":"https:\/\/butikasia.pl\/?product=kombinezon-zolty-angel-pastelowy-36-s-spodnium","title":{"rendered":"Kombinezon \u017c\u00f3\u0142ty ANGEL pastelowy 36\/S spodnium"},"content":{"rendered":"<p>\u2728\ufe0f\ud83d\udc9b\u2728\ufe0fKombinezon ANGEL\u2728\u2764\ufe0f\ud83d\udc9b\u2728\ufe0f<\/p>\n<p>*36<\/p>\n<p>*cena:299,-<\/p>\n<p>*kolor:bananowy<\/p>\n<p>*posiada dwie kieszenie<\/p>\n<p>*z ty\u0142u zapinany na zamek<\/p>\n<p>*polski producent<\/p>\n<p>*dost\u0119pne r\u00f3wnie\u017c inne kolory w rozmiarach od 34 do 40<\/p>\n<p>#butikasia #kombinezon #kombinezon\u017c\u00f3\u0142ty<\/p>\n","protected":false},"excerpt":{"rendered":"<p>\u2728\ufe0f\ud83d\udc9b\u2728\ufe0fKombinezon ANGEL\u2728\u2764\ufe0f\ud83d\udc9b\u2728\ufe0f *36 *cena:299,- *kolor:bananowy *posiada dwie kieszenie *z ty\u0142u zapinany na zamek *polski producent *dost\u0119pne r\u00f3wnie\u017c inne kolory w rozmiarach od 34 do 40&#8230;<\/p>\n","protected":false},"featured_media":3982,"comment_status":"closed","ping_status":"closed","template":"","meta":[],"etheme_brands":[],"product_brand":[],"product_cat":[90,158,47,104,107],"product_tag":[],"class_list":{"0":"post-4015","1":"product","2":"type-product","3":"status-publish","4":"has-post-thumbnail","6":"product_cat-kolekcja-wiosenna","7":"product_cat-komunia-2026","8":"product_cat-kombinezony","9":"product_cat-nowosci","10":"product_cat-polscy-producenci","12":"first","13":"instock","14":"shipping-taxable","15":"purchasable","16":"product-type-simple"},"_links":{"self":[{"href":"https:\/\/butikasia.pl\/index.php?rest_route=\/wp\/v2\/product\/4015","targetHints":{"allow":["GET"]}}],"collection":[{"href":"https:\/\/butikasia.pl\/index.php?rest_route=\/wp\/v2\/product"}],"about":[{"href":"https:\/\/butikasia.pl\/index.php?rest_route=\/wp\/v2\/types\/product"}],"replies":[{"embeddable":true,"href":"https:\/\/butikasia.pl\/index.php?rest_route=%2Fwp%2Fv2%2Fcomments&post=4015"}],"version-history":[{"count":1,"href":"https:\/\/butikasia.pl\/index.php?rest_route=\/wp\/v2\/product\/4015\/revisions"}],"predecessor-version":[{"id":4016,"href":"https:\/\/butikasia.pl\/index.php?rest_route=\/wp\/v2\/product\/4015\/revisions\/4016"}],"wp:featuredmedia":[{"embeddable":true,"href":"https:\/\/butikasia.pl\/index.php?rest_route=\/wp\/v2\/media\/3982"}],"wp:attachment":[{"href":"https:\/\/butikasia.pl\/index.php?rest_route=%2Fwp%2Fv2%2Fmedia&parent=4015"}],"wp:term":[{"taxonomy":"brand","embeddable":true,"href":"https:\/\/butikasia.pl\/index.php?rest_route=%2Fwp%2Fv2%2Fetheme_brands&post=4015"},{"taxonomy":"product_brand","embeddable":true,"href":"https:\/\/butikasia.pl\/index.php?rest_route=%2Fwp%2Fv2%2Fproduct_brand&post=4015"},{"taxonomy":"product_cat","embeddable":true,"href":"https:\/\/butikasia.pl\/index.php?rest_route=%2Fwp%2Fv2%2Fproduct_cat&post=4015"},{"taxonomy":"product_tag","embeddable":true,"href":"https:\/\/butikasia.pl\/index.php?rest_route=%2Fwp%2Fv2%2Fproduct_tag&post=4015"}],"curies":[{"name":"wp","href":"https:\/\/api.w.org\/{rel}","templated":true}]}}