{"id":4017,"date":"2026-03-16T22:33:48","date_gmt":"2026-03-16T21:33:48","guid":{"rendered":"https:\/\/butikasia.pl\/?post_type=product&#038;p=4017"},"modified":"2026-03-16T22:33:48","modified_gmt":"2026-03-16T21:33:48","slug":"komplet-anedissi-40-42-44-granatowy","status":"publish","type":"product","link":"https:\/\/butikasia.pl\/?product=komplet-anedissi-40-42-44-granatowy","title":{"rendered":"Komplet ANEDISSI 40 42 44 granatowy"},"content":{"rendered":"<p>\ud83d\udc99\ud83d\udda4\ud83d\udc99KOMPLET ANEDISSI\ud83d\udc99\ud83d\udda4\ud83d\udc99<\/p>\n<p>*r.2-pasuje na 40,42,44<\/p>\n<p>*cena:269,-<\/p>\n<p>*kolor:granatowy<\/p>\n<p>*ca\u0142y w wyt\u0142aczany wz\u00f3r<\/p>\n<p>*polski producent<\/p>\n<p>*dost\u0119pne r\u00f3wnie\u017c inne kolory<\/p>\n<p>#butikasia #komplet #kompletdamski #set<\/p>\n","protected":false},"excerpt":{"rendered":"<p>\ud83d\udc99\ud83d\udda4\ud83d\udc99KOMPLET ANEDISSI\ud83d\udc99\ud83d\udda4\ud83d\udc99 *r.2-pasuje na 40,42,44 *cena:269,- *kolor:granatowy *ca\u0142y w wyt\u0142aczany wz\u00f3r *polski producent *dost\u0119pne r\u00f3wnie\u017c inne kolory #butikasia #komplet #kompletdamski #set<\/p>\n","protected":false},"featured_media":4018,"comment_status":"closed","ping_status":"closed","template":"","meta":[],"etheme_brands":[],"product_brand":[],"product_cat":[90,158,46,108,104,107],"product_tag":[],"class_list":{"0":"post-4017","1":"product","2":"type-product","3":"status-publish","4":"has-post-thumbnail","6":"product_cat-kolekcja-wiosenna","7":"product_cat-komunia-2026","8":"product_cat-komplety","9":"product_cat-moda-plus-size","10":"product_cat-nowosci","11":"product_cat-polscy-producenci","13":"first","14":"instock","15":"shipping-taxable","16":"purchasable","17":"product-type-simple"},"_links":{"self":[{"href":"https:\/\/butikasia.pl\/index.php?rest_route=\/wp\/v2\/product\/4017","targetHints":{"allow":["GET"]}}],"collection":[{"href":"https:\/\/butikasia.pl\/index.php?rest_route=\/wp\/v2\/product"}],"about":[{"href":"https:\/\/butikasia.pl\/index.php?rest_route=\/wp\/v2\/types\/product"}],"replies":[{"embeddable":true,"href":"https:\/\/butikasia.pl\/index.php?rest_route=%2Fwp%2Fv2%2Fcomments&post=4017"}],"version-history":[{"count":1,"href":"https:\/\/butikasia.pl\/index.php?rest_route=\/wp\/v2\/product\/4017\/revisions"}],"predecessor-version":[{"id":4019,"href":"https:\/\/butikasia.pl\/index.php?rest_route=\/wp\/v2\/product\/4017\/revisions\/4019"}],"wp:featuredmedia":[{"embeddable":true,"href":"https:\/\/butikasia.pl\/index.php?rest_route=\/wp\/v2\/media\/4018"}],"wp:attachment":[{"href":"https:\/\/butikasia.pl\/index.php?rest_route=%2Fwp%2Fv2%2Fmedia&parent=4017"}],"wp:term":[{"taxonomy":"brand","embeddable":true,"href":"https:\/\/butikasia.pl\/index.php?rest_route=%2Fwp%2Fv2%2Fetheme_brands&post=4017"},{"taxonomy":"product_brand","embeddable":true,"href":"https:\/\/butikasia.pl\/index.php?rest_route=%2Fwp%2Fv2%2Fproduct_brand&post=4017"},{"taxonomy":"product_cat","embeddable":true,"href":"https:\/\/butikasia.pl\/index.php?rest_route=%2Fwp%2Fv2%2Fproduct_cat&post=4017"},{"taxonomy":"product_tag","embeddable":true,"href":"https:\/\/butikasia.pl\/index.php?rest_route=%2Fwp%2Fv2%2Fproduct_tag&post=4017"}],"curies":[{"name":"wp","href":"https:\/\/api.w.org\/{rel}","templated":true}]}}