{"id":4020,"date":"2026-03-16T22:48:30","date_gmt":"2026-03-16T21:48:30","guid":{"rendered":"https:\/\/butikasia.pl\/?post_type=product&#038;p=4020"},"modified":"2026-03-16T22:48:30","modified_gmt":"2026-03-16T21:48:30","slug":"komplet-bezowy-36-38-40-anedissi-42-44","status":"publish","type":"product","link":"https:\/\/butikasia.pl\/?product=komplet-bezowy-36-38-40-anedissi-42-44","title":{"rendered":"Komplet be\u017cowy 36 38 40 ANEDISSI 42 44"},"content":{"rendered":"<p>\ud83c\udf39\ud83c\udf39\ud83c\udf39KOMPLET ANEDISSI\ud83c\udf39\ud83c\udf39\ud83c\udf39<\/p>\n<p>*r.1-pasuje na 36,38,40<\/p>\n<p>*r.2-pasuje na 40,42,44<\/p>\n<p>*cena:269,-<\/p>\n<p>*kolor:jasnobe\u017cowy<\/p>\n<p>*ca\u0142y w wyt\u0142aczany wz\u00f3r<\/p>\n<p>*polski producent<\/p>\n<p>*dost\u0119pne r\u00f3wnie\u017c inne kolory<\/p>\n<p>#butikasia #komplet #kompletdamski #set<\/p>\n","protected":false},"excerpt":{"rendered":"<p>\ud83c\udf39\ud83c\udf39\ud83c\udf39KOMPLET ANEDISSI\ud83c\udf39\ud83c\udf39\ud83c\udf39 *r.1-pasuje na 36,38,40 *r.2-pasuje na 40,42,44 *cena:269,- *kolor:jasnobe\u017cowy *ca\u0142y w wyt\u0142aczany wz\u00f3r *polski producent *dost\u0119pne r\u00f3wnie\u017c inne kolory #butikasia #komplet #kompletdamski #set<\/p>\n","protected":false},"featured_media":4021,"comment_status":"closed","ping_status":"closed","template":"","meta":[],"etheme_brands":[],"product_brand":[],"product_cat":[90,158,46,108,104,107],"product_tag":[],"class_list":{"0":"post-4020","1":"product","2":"type-product","3":"status-publish","4":"has-post-thumbnail","6":"product_cat-kolekcja-wiosenna","7":"product_cat-komunia-2026","8":"product_cat-komplety","9":"product_cat-moda-plus-size","10":"product_cat-nowosci","11":"product_cat-polscy-producenci","13":"first","14":"instock","15":"shipping-taxable","16":"purchasable","17":"product-type-variable","18":"has-default-attributes"},"_links":{"self":[{"href":"https:\/\/butikasia.pl\/index.php?rest_route=\/wp\/v2\/product\/4020","targetHints":{"allow":["GET"]}}],"collection":[{"href":"https:\/\/butikasia.pl\/index.php?rest_route=\/wp\/v2\/product"}],"about":[{"href":"https:\/\/butikasia.pl\/index.php?rest_route=\/wp\/v2\/types\/product"}],"replies":[{"embeddable":true,"href":"https:\/\/butikasia.pl\/index.php?rest_route=%2Fwp%2Fv2%2Fcomments&post=4020"}],"version-history":[{"count":1,"href":"https:\/\/butikasia.pl\/index.php?rest_route=\/wp\/v2\/product\/4020\/revisions"}],"predecessor-version":[{"id":4025,"href":"https:\/\/butikasia.pl\/index.php?rest_route=\/wp\/v2\/product\/4020\/revisions\/4025"}],"wp:featuredmedia":[{"embeddable":true,"href":"https:\/\/butikasia.pl\/index.php?rest_route=\/wp\/v2\/media\/4021"}],"wp:attachment":[{"href":"https:\/\/butikasia.pl\/index.php?rest_route=%2Fwp%2Fv2%2Fmedia&parent=4020"}],"wp:term":[{"taxonomy":"brand","embeddable":true,"href":"https:\/\/butikasia.pl\/index.php?rest_route=%2Fwp%2Fv2%2Fetheme_brands&post=4020"},{"taxonomy":"product_brand","embeddable":true,"href":"https:\/\/butikasia.pl\/index.php?rest_route=%2Fwp%2Fv2%2Fproduct_brand&post=4020"},{"taxonomy":"product_cat","embeddable":true,"href":"https:\/\/butikasia.pl\/index.php?rest_route=%2Fwp%2Fv2%2Fproduct_cat&post=4020"},{"taxonomy":"product_tag","embeddable":true,"href":"https:\/\/butikasia.pl\/index.php?rest_route=%2Fwp%2Fv2%2Fproduct_tag&post=4020"}],"curies":[{"name":"wp","href":"https:\/\/api.w.org\/{rel}","templated":true}]}}