{"id":4108,"date":"2026-04-06T18:53:08","date_gmt":"2026-04-06T16:53:08","guid":{"rendered":"https:\/\/butikasia.pl\/?post_type=product&#038;p=4108"},"modified":"2026-04-06T18:54:51","modified_gmt":"2026-04-06T16:54:51","slug":"sukienka-hiszpanka-emma-42-44-dluga-niebieska-zielona-satynowa","status":"publish","type":"product","link":"https:\/\/butikasia.pl\/?product=sukienka-hiszpanka-emma-42-44-dluga-niebieska-zielona-satynowa","title":{"rendered":"Sukienka Hiszpanka EMMA 42 44 d\u0142uga niebieska zielona satynowa"},"content":{"rendered":"<p>\ud83d\udc9a\ud83e\ude75\ud83e\ude75Hiszpanka EMMA Maxi\ud83d\udc99\ud83d\udc99\ud83d\udc9a<\/p>\n<p>*r.40-pasuje na 42,44<\/p>\n<p>*cena:299,-<\/p>\n<p>*ca\u0142a w modny print<\/p>\n<p>*w komplecie posiada materia\u0142owy pasek<\/p>\n<p>*mo\u017cna nosi\u0107 normalnie lub opuszczon\u0105 na ramiona<\/p>\n<p>*polski producent<\/p>\n<p>#butikasia #sukienkahiszpanka #sukienkasatynowa #sukienkid\u0142ugie #sukienkimaxi<\/p>\n","protected":false},"excerpt":{"rendered":"<p>\ud83d\udc9a\ud83e\ude75\ud83e\ude75Hiszpanka EMMA Maxi\ud83d\udc99\ud83d\udc99\ud83d\udc9a *r.40-pasuje na 42,44 *cena:299,- *ca\u0142a w modny print *w komplecie posiada materia\u0142owy pasek *mo\u017cna nosi\u0107 normalnie lub opuszczon\u0105 na ramiona *polski producent&#8230;<\/p>\n","protected":false},"featured_media":4116,"comment_status":"closed","ping_status":"closed","template":"","meta":[],"etheme_brands":[],"product_brand":[],"product_cat":[90,110,171,113,118,108,104,107,109],"product_tag":[],"class_list":{"0":"post-4108","1":"product","2":"type-product","3":"status-publish","4":"has-post-thumbnail","6":"product_cat-kolekcja-wiosenna","7":"product_cat-sukienki-dlugie","8":"product_cat-sukienki-letnie","9":"product_cat-sukienki-rozkloszowane","10":"product_cat-sukienki-weselne","11":"product_cat-moda-plus-size","12":"product_cat-nowosci","13":"product_cat-polscy-producenci","14":"product_cat-sukienki","16":"first","17":"instock","18":"shipping-taxable","19":"purchasable","20":"product-type-simple"},"_links":{"self":[{"href":"https:\/\/butikasia.pl\/index.php?rest_route=\/wp\/v2\/product\/4108","targetHints":{"allow":["GET"]}}],"collection":[{"href":"https:\/\/butikasia.pl\/index.php?rest_route=\/wp\/v2\/product"}],"about":[{"href":"https:\/\/butikasia.pl\/index.php?rest_route=\/wp\/v2\/types\/product"}],"replies":[{"embeddable":true,"href":"https:\/\/butikasia.pl\/index.php?rest_route=%2Fwp%2Fv2%2Fcomments&post=4108"}],"version-history":[{"count":1,"href":"https:\/\/butikasia.pl\/index.php?rest_route=\/wp\/v2\/product\/4108\/revisions"}],"predecessor-version":[{"id":4117,"href":"https:\/\/butikasia.pl\/index.php?rest_route=\/wp\/v2\/product\/4108\/revisions\/4117"}],"wp:featuredmedia":[{"embeddable":true,"href":"https:\/\/butikasia.pl\/index.php?rest_route=\/wp\/v2\/media\/4116"}],"wp:attachment":[{"href":"https:\/\/butikasia.pl\/index.php?rest_route=%2Fwp%2Fv2%2Fmedia&parent=4108"}],"wp:term":[{"taxonomy":"brand","embeddable":true,"href":"https:\/\/butikasia.pl\/index.php?rest_route=%2Fwp%2Fv2%2Fetheme_brands&post=4108"},{"taxonomy":"product_brand","embeddable":true,"href":"https:\/\/butikasia.pl\/index.php?rest_route=%2Fwp%2Fv2%2Fproduct_brand&post=4108"},{"taxonomy":"product_cat","embeddable":true,"href":"https:\/\/butikasia.pl\/index.php?rest_route=%2Fwp%2Fv2%2Fproduct_cat&post=4108"},{"taxonomy":"product_tag","embeddable":true,"href":"https:\/\/butikasia.pl\/index.php?rest_route=%2Fwp%2Fv2%2Fproduct_tag&post=4108"}],"curies":[{"name":"wp","href":"https:\/\/api.w.org\/{rel}","templated":true}]}}