{"id":4127,"date":"2026-04-06T19:39:27","date_gmt":"2026-04-06T17:39:27","guid":{"rendered":"https:\/\/butikasia.pl\/?post_type=product&#038;p=4127"},"modified":"2026-04-06T19:40:04","modified_gmt":"2026-04-06T17:40:04","slug":"komplet-mauritius-pastelowy-roz-set-36-38-zwiewny-4042","status":"publish","type":"product","link":"https:\/\/butikasia.pl\/?product=komplet-mauritius-pastelowy-roz-set-36-38-zwiewny-4042","title":{"rendered":"Komplet MAURITIUS pastelowy r\u00f3\u017c set 36 38 zwiewny 40,42"},"content":{"rendered":"<p>\ud83c\udf38\ud83d\udc20\ud83e\udd80Komplet MAURITIUS\ud83e\udeb7\ud83d\udc20\ud83e\udd80<\/p>\n<p>*r.one size-pasuje na 36,38,40,42<\/p>\n<p>*cena:199,-<\/p>\n<p>*kolor:zgaszony r\u00f3\u017c<\/p>\n<p>*zwiewny,szyfonowy<\/p>\n<p>*dost\u0119pne r\u00f3wnie\u017c inne kolory<\/p>\n<p>#kompletletni #kompletr\u00f3\u017cowy<\/p>\n","protected":false},"excerpt":{"rendered":"<p>\ud83c\udf38\ud83d\udc20\ud83e\udd80Komplet MAURITIUS\ud83e\udeb7\ud83d\udc20\ud83e\udd80 *r.one size-pasuje na 36,38,40,42 *cena:199,- *kolor:zgaszony r\u00f3\u017c *zwiewny,szyfonowy *dost\u0119pne r\u00f3wnie\u017c inne kolory #kompletletni #kompletr\u00f3\u017cowy<\/p>\n","protected":false},"featured_media":4123,"comment_status":"closed","ping_status":"closed","template":"","meta":[],"etheme_brands":[],"product_brand":[],"product_cat":[90,46,64,104],"product_tag":[],"class_list":{"0":"post-4127","1":"product","2":"type-product","3":"status-publish","4":"has-post-thumbnail","6":"product_cat-kolekcja-wiosenna","7":"product_cat-komplety","8":"product_cat-moda-plazowa","9":"product_cat-nowosci","11":"first","12":"instock","13":"shipping-taxable","14":"product-type-simple"},"_links":{"self":[{"href":"https:\/\/butikasia.pl\/index.php?rest_route=\/wp\/v2\/product\/4127","targetHints":{"allow":["GET"]}}],"collection":[{"href":"https:\/\/butikasia.pl\/index.php?rest_route=\/wp\/v2\/product"}],"about":[{"href":"https:\/\/butikasia.pl\/index.php?rest_route=\/wp\/v2\/types\/product"}],"replies":[{"embeddable":true,"href":"https:\/\/butikasia.pl\/index.php?rest_route=%2Fwp%2Fv2%2Fcomments&post=4127"}],"version-history":[{"count":2,"href":"https:\/\/butikasia.pl\/index.php?rest_route=\/wp\/v2\/product\/4127\/revisions"}],"predecessor-version":[{"id":4129,"href":"https:\/\/butikasia.pl\/index.php?rest_route=\/wp\/v2\/product\/4127\/revisions\/4129"}],"wp:featuredmedia":[{"embeddable":true,"href":"https:\/\/butikasia.pl\/index.php?rest_route=\/wp\/v2\/media\/4123"}],"wp:attachment":[{"href":"https:\/\/butikasia.pl\/index.php?rest_route=%2Fwp%2Fv2%2Fmedia&parent=4127"}],"wp:term":[{"taxonomy":"brand","embeddable":true,"href":"https:\/\/butikasia.pl\/index.php?rest_route=%2Fwp%2Fv2%2Fetheme_brands&post=4127"},{"taxonomy":"product_brand","embeddable":true,"href":"https:\/\/butikasia.pl\/index.php?rest_route=%2Fwp%2Fv2%2Fproduct_brand&post=4127"},{"taxonomy":"product_cat","embeddable":true,"href":"https:\/\/butikasia.pl\/index.php?rest_route=%2Fwp%2Fv2%2Fproduct_cat&post=4127"},{"taxonomy":"product_tag","embeddable":true,"href":"https:\/\/butikasia.pl\/index.php?rest_route=%2Fwp%2Fv2%2Fproduct_tag&post=4127"}],"curies":[{"name":"wp","href":"https:\/\/api.w.org\/{rel}","templated":true}]}}