{"id":4130,"date":"2026-04-06T19:48:27","date_gmt":"2026-04-06T17:48:27","guid":{"rendered":"https:\/\/butikasia.pl\/?post_type=product&#038;p=4130"},"modified":"2026-04-06T19:48:27","modified_gmt":"2026-04-06T17:48:27","slug":"komplet-mauritius-chabrowy-niebieski-36-38-zwiewny-40-42-set","status":"publish","type":"product","link":"https:\/\/butikasia.pl\/?product=komplet-mauritius-chabrowy-niebieski-36-38-zwiewny-40-42-set","title":{"rendered":"Komplet MAURITIUS chabrowy niebieski 36 38 zwiewny 40 42 set"},"content":{"rendered":"<p>\ud83d\udc06\ud83d\udc20\ud83e\udd80Komplet MAURITIUS\ud83d\udc06\ud83d\udc20\ud83e\udd80<\/p>\n<p>*r.one size-pasuje na 36,38,40,42<\/p>\n<p>*cena:199,-<\/p>\n<p>*kolor:chabrowy<\/p>\n<blockquote><p>*zwiewny,szyfonowy<\/p><\/blockquote>\n<p>*dost\u0119pne r\u00f3wnie\u017c inne kolory<\/p>\n<p>#kompletletni #kompletchabrowy #lato2026<\/p>\n","protected":false},"excerpt":{"rendered":"<p>\ud83d\udc06\ud83d\udc20\ud83e\udd80Komplet MAURITIUS\ud83d\udc06\ud83d\udc20\ud83e\udd80 *r.one size-pasuje na 36,38,40,42 *cena:199,- *kolor:chabrowy *zwiewny,szyfonowy *dost\u0119pne r\u00f3wnie\u017c inne kolory #kompletletni #kompletchabrowy #lato2026<\/p>\n","protected":false},"featured_media":4134,"comment_status":"closed","ping_status":"closed","template":"","meta":[],"etheme_brands":[],"product_brand":[],"product_cat":[46,64,104],"product_tag":[],"class_list":{"0":"post-4130","1":"product","2":"type-product","3":"status-publish","4":"has-post-thumbnail","6":"product_cat-komplety","7":"product_cat-moda-plazowa","8":"product_cat-nowosci","10":"first","11":"instock","12":"shipping-taxable","13":"purchasable","14":"product-type-simple"},"_links":{"self":[{"href":"https:\/\/butikasia.pl\/index.php?rest_route=\/wp\/v2\/product\/4130","targetHints":{"allow":["GET"]}}],"collection":[{"href":"https:\/\/butikasia.pl\/index.php?rest_route=\/wp\/v2\/product"}],"about":[{"href":"https:\/\/butikasia.pl\/index.php?rest_route=\/wp\/v2\/types\/product"}],"replies":[{"embeddable":true,"href":"https:\/\/butikasia.pl\/index.php?rest_route=%2Fwp%2Fv2%2Fcomments&post=4130"}],"version-history":[{"count":1,"href":"https:\/\/butikasia.pl\/index.php?rest_route=\/wp\/v2\/product\/4130\/revisions"}],"predecessor-version":[{"id":4135,"href":"https:\/\/butikasia.pl\/index.php?rest_route=\/wp\/v2\/product\/4130\/revisions\/4135"}],"wp:featuredmedia":[{"embeddable":true,"href":"https:\/\/butikasia.pl\/index.php?rest_route=\/wp\/v2\/media\/4134"}],"wp:attachment":[{"href":"https:\/\/butikasia.pl\/index.php?rest_route=%2Fwp%2Fv2%2Fmedia&parent=4130"}],"wp:term":[{"taxonomy":"brand","embeddable":true,"href":"https:\/\/butikasia.pl\/index.php?rest_route=%2Fwp%2Fv2%2Fetheme_brands&post=4130"},{"taxonomy":"product_brand","embeddable":true,"href":"https:\/\/butikasia.pl\/index.php?rest_route=%2Fwp%2Fv2%2Fproduct_brand&post=4130"},{"taxonomy":"product_cat","embeddable":true,"href":"https:\/\/butikasia.pl\/index.php?rest_route=%2Fwp%2Fv2%2Fproduct_cat&post=4130"},{"taxonomy":"product_tag","embeddable":true,"href":"https:\/\/butikasia.pl\/index.php?rest_route=%2Fwp%2Fv2%2Fproduct_tag&post=4130"}],"curies":[{"name":"wp","href":"https:\/\/api.w.org\/{rel}","templated":true}]}}